
{"id":2646,"date":"2024-03-03T09:38:12","date_gmt":"2024-03-03T09:38:12","guid":{"rendered":"http:\/\/web-designer.al\/?page_id=2646"},"modified":"2024-11-06T20:51:15","modified_gmt":"2024-11-06T20:51:15","slug":"reklamim-biznesi","status":"publish","type":"page","link":"https:\/\/web-designer.al\/en\/reklamim-biznesi\/","title":{"rendered":"Online Marketing"},"content":{"rendered":"<div data-elementor-type=\"wp-page\" data-elementor-id=\"2646\" class=\"elementor elementor-2646\" data-elementor-post-type=\"page\">\n\t\t\t\t<div class=\"elementor-element elementor-element-b8c978e e-flex e-con-boxed e-con e-parent\" data-id=\"b8c978e\" data-element_type=\"container\" data-e-type=\"container\">\n\t\t\t\t\t<div class=\"e-con-inner\">\n\t\t\t\t<div class=\"elementor-element elementor-element-9341c8f elementor-widget__width-inherit elementor-widget-tablet__width-inherit elementor-widget elementor-widget-mediaxsectiontitle\" data-id=\"9341c8f\" data-element_type=\"widget\" data-e-type=\"widget\" data-widget_type=\"mediaxsectiontitle.default\">\n\t\t\t\t<div class=\"elementor-widget-container\">\n\t\t\t\t\t\t\t<div class=\"title-area text-center\">\r\n\t\t\t<h2 class=\"sec-title\">Online Marketing<\/h2>\t\t<\/div>\r\n\r\n\t\t\t\t\t<\/div>\n\t\t\t\t<\/div>\n\t\t\t\t<div class=\"elementor-element elementor-element-c9110c4 elementor-widget__width-inherit elementor-widget-tablet__width-inherit elementor-widget elementor-widget-mediaxsectiontitle\" data-id=\"c9110c4\" data-element_type=\"widget\" data-e-type=\"widget\" data-widget_type=\"mediaxsectiontitle.default\">\n\t\t\t\t<div class=\"elementor-widget-container\">\n\t\t\t\t\t\t\t<div class=\"title-area text-center\">\r\n\t\t\t<h2 class=\"sec-title\">Listing on INALBANIA.AL<\/h2>\t\t<\/div>\r\n\r\n\t\t\t\t\t<\/div>\n\t\t\t\t<\/div>\n\t\t\t\t\t<\/div>\n\t\t\t\t<\/div>\n\t\t<div class=\"elementor-element elementor-element-208e5777 e-flex e-con-boxed e-con e-parent\" data-id=\"208e5777\" data-element_type=\"container\" data-e-type=\"container\">\n\t\t\t\t\t<div class=\"e-con-inner\">\n\t\t<div class=\"elementor-element elementor-element-54307f2b e-con-full sidebar-area e-flex e-con e-child\" data-id=\"54307f2b\" data-element_type=\"container\" data-e-type=\"container\">\n\t\t<div class=\"elementor-element elementor-element-34278f95 e-con-full e-flex e-con e-child\" data-id=\"34278f95\" data-element_type=\"container\" data-e-type=\"container\">\n\t\t\t\t<div class=\"elementor-element elementor-element-75646d6 elementor-widget elementor-widget-mediaxservicelist\" data-id=\"75646d6\" data-element_type=\"widget\" data-e-type=\"widget\" data-widget_type=\"mediaxservicelist.default\">\n\t\t\t\t<div class=\"elementor-widget-container\">\n\t\t\t\t\t<div class=\"widget widget_categories\"><h3 class=\"widget_title\">Our Service<\/h3><ul><li><a href=\"http:\/\/web-designer.al\/en\/krijim-website\/\">Website Build<\/a><\/li><li><a href=\"http:\/\/web-designer.al\/en\/reklamim-biznesi\/\">Online Marketing<\/a><\/li><li><a href=\"http:\/\/web-designer.al\/en\/shtim-followers\/\">Add Followers<\/a><\/li><li><a href=\"http:\/\/web-designer.al\/en\/website-host\/\">Website Host<\/a><\/li><li><a href=\"http:\/\/web-designer.al\/en\/njoftime-push-up\/\">Push Up Notifications<\/a><\/li><li><a href=\"http:\/\/web-designer.al\/en\/google-fb-insta-ads\/\">Google -Fb \u2013 Insta ADS<\/a><\/li><\/ul><\/div>\t\t\t\t<\/div>\n\t\t\t\t<\/div>\n\t\t\t\t<\/div>\n\t\t<div class=\"elementor-element elementor-element-53e30d35 e-con-full e-flex e-con e-child\" data-id=\"53e30d35\" data-element_type=\"container\" data-e-type=\"container\">\n\t\t\t\t<div class=\"elementor-element elementor-element-2d649d9d elementor-widget elementor-widget-heading\" data-id=\"2d649d9d\" data-element_type=\"widget\" data-e-type=\"widget\" data-widget_type=\"heading.default\">\n\t\t\t\t<div class=\"elementor-widget-container\">\n\t\t\t\t\t<h3 class=\"elementor-heading-title elementor-size-default\">Why should you choose  Us?<\/h3>\t\t\t\t<\/div>\n\t\t\t\t<\/div>\n\t\t\t\t<div class=\"elementor-element elementor-element-313da533 elementor-widget elementor-widget-text-editor\" data-id=\"313da533\" data-element_type=\"widget\" data-e-type=\"widget\" data-widget_type=\"text-editor.default\">\n\t\t\t\t<div class=\"elementor-widget-container\">\n\t\t\t\t\t\t\t\t\t<div class=\"checklist body-color\"><ul><li><h4><i class=\"fas fa-check-circle\"><\/i>Best Prices<\/h4><\/li><li><h4><i class=\"fas fa-check-circle\"><\/i>Excellence<\/h4><\/li><li><h4><i class=\"fas fa-check-circle\"><\/i>Correctly<\/h4><\/li><li><h4><i class=\"fas fa-check-circle\"><\/i> Innovation<\/h4><\/li><li><h4><i class=\"fas fa-check-circle\"><\/i>Professional Service<\/h4><\/li><\/ul><\/div>\t\t\t\t\t\t\t\t<\/div>\n\t\t\t\t<\/div>\n\t\t\t\t<\/div>\n\t\t\t\t<\/div>\n\t\t<div class=\"elementor-element elementor-element-4edc1590 e-con-full e-flex e-con e-child\" data-id=\"4edc1590\" data-element_type=\"container\" data-e-type=\"container\">\n\t\t\t\t<div class=\"elementor-element elementor-element-39101d44 elementor-widget elementor-widget-image\" data-id=\"39101d44\" data-element_type=\"widget\" data-e-type=\"widget\" data-widget_type=\"image.default\">\n\t\t\t\t<div class=\"elementor-widget-container\">\n\t\t\t\t\t\t\t\t\t\t\t\t\t\t\t<img fetchpriority=\"high\" decoding=\"async\" width=\"960\" height=\"405\" src=\"https:\/\/web-designer.al\/wp-content\/uploads\/2024\/02\/INALBANIA.AL-Agjensi-Reklamimi-Biznesesh-Online-min.png\" class=\"attachment-full size-full wp-image-2257\" alt=\"\" srcset=\"https:\/\/web-designer.al\/wp-content\/uploads\/2024\/02\/INALBANIA.AL-Agjensi-Reklamimi-Biznesesh-Online-min.png 960w, https:\/\/web-designer.al\/wp-content\/uploads\/2024\/02\/INALBANIA.AL-Agjensi-Reklamimi-Biznesesh-Online-min-300x127.png 300w, https:\/\/web-designer.al\/wp-content\/uploads\/2024\/02\/INALBANIA.AL-Agjensi-Reklamimi-Biznesesh-Online-min-768x324.png 768w, https:\/\/web-designer.al\/wp-content\/uploads\/2024\/02\/INALBANIA.AL-Agjensi-Reklamimi-Biznesesh-Online-min-600x253.png 600w\" sizes=\"(max-width: 960px) 100vw, 960px\" \/>\t\t\t\t\t\t\t\t\t\t\t\t\t\t\t<\/div>\n\t\t\t\t<\/div>\n\t\t\t\t<div class=\"elementor-element elementor-element-3518d0da elementor-widget elementor-widget-heading\" data-id=\"3518d0da\" data-element_type=\"widget\" data-e-type=\"widget\" data-widget_type=\"heading.default\">\n\t\t\t\t<div class=\"elementor-widget-container\">\n\t\t\t\t\t<h2 class=\"elementor-heading-title elementor-size-default\">Online Marketing<\/h2>\t\t\t\t<\/div>\n\t\t\t\t<\/div>\n\t\t\t\t<div class=\"elementor-element elementor-element-413a342b elementor-widget elementor-widget-text-editor\" data-id=\"413a342b\" data-element_type=\"widget\" data-e-type=\"widget\" data-widget_type=\"text-editor.default\">\n\t\t\t\t<div class=\"elementor-widget-container\">\n\t\t\t\t\t\t\t\t\t<p>We create one\u00a0<b>Article Online\u00a0<\/b>on the Portal that presents your business: Description about your business, services, products, location, photos, link to your social networks and contact details.<\/p><p>You will be advertised Non-Stop on the Portal\u00a0<b>24 hours<\/b>, throughout the subscription. The portal is regularly visited around\u00a0<b>300 thousand Visitor\u00a0<\/b>in month.<\/p><p>We list you in\u00a0<b>Google map<\/b>which shows the exact location of your business (according to Google's terms).<\/p><p>The main thing is that in\u00a0<b>Google searches<\/b>, you will have the opportunity to be suggested on the first pages of Google, thanks to the Keywords that are placed in the created article, where the customer can find the services or products that you offer, by searching on Google.<\/p><p>Also, it is very important that every post you make on Instagram (public) is coherent with your article on the portal. This means that\u00a0<b>Article Stays Refreshed<\/b>\u00a0with the newest photos and videos that you publish over time on your Instagram.<\/p><p>Whenever you need Staffing, we publish\u00a0<b>Free Job Announcements<\/b>.<\/p><p>We\u00a0<b>we offer sharing on Facebook and Instagram<\/b>\u00a0(at least once a month Wall Post), also the Instagram Story, without a specific number of shares in the story.<\/p>\t\t\t\t\t\t\t\t<\/div>\n\t\t\t\t<\/div>\n\t\t\t\t<\/div>\n\t\t\t\t\t<\/div>\n\t\t\t\t<\/div>\n\t\t<div class=\"elementor-element elementor-element-4fe03b1e e-flex e-con-boxed e-con e-parent\" data-id=\"4fe03b1e\" data-element_type=\"container\" data-e-type=\"container\">\n\t\t\t\t\t<div class=\"e-con-inner\">\n\t\t\t\t<div class=\"elementor-element elementor-element-1e41d98f elementor-widget elementor-widget-mediaxsectiontitle\" data-id=\"1e41d98f\" data-element_type=\"widget\" data-e-type=\"widget\" data-widget_type=\"mediaxsectiontitle.default\">\n\t\t\t\t<div class=\"elementor-widget-container\">\n\t\t\t\t\t\t\t<div class=\"title-area text-center\">\r\n\t\t\t<span class=\"sub-title\"><img decoding=\"async\" src=\"https:\/\/web-designer.al\/wp-content\/plugins\/mediax-core\/assets\/img\/title_icon.svg\" alt=\"Shape\">Online Marketing<\/span><h2 class=\"sec-title\">Some of our clients<\/h2>\t\t<\/div>\r\n\r\n\t\t\t\t\t<\/div>\n\t\t\t\t<\/div>\n\t\t\t\t<div class=\"elementor-element elementor-element-74cfb829 elementor-widget elementor-widget-mediaxteam\" data-id=\"74cfb829\" data-element_type=\"widget\" data-e-type=\"widget\" data-widget_type=\"mediaxteam.default\">\n\t\t\t\t<div class=\"elementor-widget-container\">\n\t\t\t\t\t<div class=\"swiper th-slider has-shadow\" id=\"teamSlider1\" data-slider-options='{\"breakpoints\":{\"0\":{\"slidesPerView\":1},\"576\":{\"slidesPerView\":\"2\"},\"768\":{\"slidesPerView\":\"2\"},\"992\":{\"slidesPerView\":\"3\"},\"1200\":{\"slidesPerView\":\"4\"}}}'><div class=\"swiper-wrapper\"><div class=\"swiper-slide\"><div class=\"th-team team-card\"><div class=\"box-img\"><img decoding=\"async\" src=\"http:\/\/web-designer.al\/wp-content\/uploads\/2024\/03\/FLORENTIA-DENT-DENTAL-TOURISM-ALBANIA.jpeg\" alt=\"FLORENTIA DENT - DENTAL TOURISM ALBANIA\"  \/><div class=\"th-social\"><\/div><\/div><h3 class=\"box-title\"><a href=\"https:\/\/inalbania.al\/al\/florentia-dent-dental-tourism-albania\/\">Florentia Dent<\/a><\/h3><span class=\"team-desig\">Dental Clinic<\/span><\/div><\/div><div class=\"swiper-slide\"><div class=\"th-team team-card\"><div class=\"box-img\"><img decoding=\"async\" src=\"http:\/\/web-designer.al\/wp-content\/uploads\/2024\/02\/A15-TROCKENBAU.DE-TROCKENBAU-FIRMA.png\" alt=\"A15 TROCKENBAU.DE TROCKENBAU FIRMA\"  \/><div class=\"th-social\"><a  href=\"https:\/\/instagram.com\/trockenbau_firma\"><i class=\"fab fa-instagram\"><\/i><\/a><\/div><\/div><h3 class=\"box-title\"><a href=\"\">a15-trockenbau.de<\/a><\/h3><span class=\"team-desig\">Construction Company<\/span><\/div><\/div><div class=\"swiper-slide\"><div class=\"th-team team-card\"><div class=\"box-img\"><img decoding=\"async\" src=\"http:\/\/web-designer.al\/wp-content\/uploads\/2024\/02\/KARROTRECFIER.AL-Sherbim-Karrotreci-1.png\" alt=\"KARROTRECFIER.AL Sherbim Karrotreci 1\"  \/><div class=\"th-social\"><\/div><\/div><h3 class=\"box-title\"><a href=\"https:\/\/karrotrecfier.al\">karrotrecfier.al<\/a><\/h3><span class=\"team-desig\">Towing Service<\/span><\/div><\/div><div class=\"swiper-slide\"><div class=\"th-team team-card\"><div class=\"box-img\"><img decoding=\"async\" src=\"http:\/\/web-designer.al\/wp-content\/uploads\/2024\/02\/DENTISTS.AL-Turismo-Dentale-Albania-min.png\" alt=\"DENTISTS.AL Turismo Dentale Albania min\"  \/><div class=\"th-social\"><a  href=\"https:\/\/twitter.com\/\"><i class=\"fab fa-twitter\"><\/i><\/a><a  href=\"https:\/\/linkedin.com\/\"><i class=\"fab fa-linkedin-in\"><\/i><\/a><\/div><\/div><h3 class=\"box-title\"><a href=\"https:\/\/dentists.al\">dentists.al<\/a><\/h3><span class=\"team-desig\">Dental Tourism<\/span><\/div><\/div><\/div><\/div>\t\t\t\t<\/div>\n\t\t\t\t<\/div>\n\t\t\t\t\t<\/div>\n\t\t\t\t<\/div>\n\t\t\t\t<\/div>","protected":false},"excerpt":{"rendered":"<p>Reklamim Biznesi Reklamim Biznesi Online ne INALBANIA.AL Sherbimet Krijim Website Marketing Online Shtim Followers Website Host Njoftime Push Up Google &#8211; Fb &#8211; Insta ADS Perse te bashk\u00ebpunoni me ne? \u00c7mime Konkuruese Cilesi Korrektesi Inovacion Sherbim Profesional Reklamim Biznesi Online Krijojm\u00eb nj\u00eb\u00a0Artikull Online\u00a0n\u00eb Portal i cili prezanton biznesin tuaj: P\u00ebrshkrim rreth biznesit tuaj, sh\u00ebrbimet, produktet,&#8230;<\/p>","protected":false},"author":1,"featured_media":3163,"parent":0,"menu_order":0,"comment_status":"closed","ping_status":"closed","template":"","meta":{"footnotes":""},"class_list":["post-2646","page","type-page","status-publish","has-post-thumbnail","hentry"],"yoast_head":"<!-- This site is optimized with the Yoast SEO plugin v27.4 - https:\/\/yoast.com\/product\/yoast-seo-wordpress\/ -->\n<title>Reklamim Biznesi - Faqe Website - Ndertim Website<\/title>\n<meta name=\"description\" content=\"Reklamim biznesi online ne platformen inalbania.al duke i dhe biznesit tuaj vleren e merituar ne boten e interneti.\" \/>\n<meta name=\"robots\" content=\"index, follow, max-snippet:-1, max-image-preview:large, max-video-preview:-1\" \/>\n<link rel=\"canonical\" href=\"https:\/\/web-designer.al\/en\/reklamim-biznesi\/\" \/>\n<meta property=\"og:locale\" content=\"en_US\" \/>\n<meta property=\"og:type\" content=\"article\" \/>\n<meta property=\"og:title\" content=\"Reklamim Biznesi - Faqe Website - Ndertim Website\" \/>\n<meta property=\"og:description\" content=\"Reklamim biznesi online ne platformen inalbania.al duke i dhe biznesit tuaj vleren e merituar ne boten e interneti.\" \/>\n<meta property=\"og:url\" content=\"https:\/\/web-designer.al\/en\/reklamim-biznesi\/\" \/>\n<meta property=\"og:site_name\" content=\"Faqe Website - Ndertim Website\" \/>\n<meta property=\"article:publisher\" content=\"https:\/\/www.facebook.com\/profile.php?id=61556698542677&amp;mibextid=uzlsIk\" \/>\n<meta property=\"article:modified_time\" content=\"2024-11-06T20:51:15+00:00\" \/>\n<meta property=\"og:image\" content=\"http:\/\/web-designer.al\/wp-content\/uploads\/2024\/04\/INALBANIA.AL-AGJENSI-MARKETINGU.png\" \/>\n\t<meta property=\"og:image:width\" content=\"1029\" \/>\n\t<meta property=\"og:image:height\" content=\"587\" \/>\n\t<meta property=\"og:image:type\" content=\"image\/png\" \/>\n<meta name=\"twitter:card\" content=\"summary_large_image\" \/>\n<meta name=\"twitter:label1\" content=\"Est. reading time\" \/>\n\t<meta name=\"twitter:data1\" content=\"3 minutes\" \/>\n<script type=\"application\/ld+json\" class=\"yoast-schema-graph\">{\"@context\":\"https:\\\/\\\/schema.org\",\"@graph\":[{\"@type\":\"WebPage\",\"@id\":\"https:\\\/\\\/web-designer.al\\\/reklamim-biznesi\\\/\",\"url\":\"https:\\\/\\\/web-designer.al\\\/reklamim-biznesi\\\/\",\"name\":\"Reklamim Biznesi - Faqe Website - Ndertim Website\",\"isPartOf\":{\"@id\":\"http:\\\/\\\/web-designer.al\\\/#website\"},\"primaryImageOfPage\":{\"@id\":\"https:\\\/\\\/web-designer.al\\\/reklamim-biznesi\\\/#primaryimage\"},\"image\":{\"@id\":\"https:\\\/\\\/web-designer.al\\\/reklamim-biznesi\\\/#primaryimage\"},\"thumbnailUrl\":\"https:\\\/\\\/web-designer.al\\\/wp-content\\\/uploads\\\/2024\\\/04\\\/INALBANIA.AL-AGJENSI-MARKETINGU.png\",\"datePublished\":\"2024-03-03T09:38:12+00:00\",\"dateModified\":\"2024-11-06T20:51:15+00:00\",\"description\":\"Reklamim biznesi online ne platformen inalbania.al duke i dhe biznesit tuaj vleren e merituar ne boten e interneti.\",\"breadcrumb\":{\"@id\":\"https:\\\/\\\/web-designer.al\\\/reklamim-biznesi\\\/#breadcrumb\"},\"inLanguage\":\"en-US\",\"potentialAction\":[{\"@type\":\"ReadAction\",\"target\":[\"https:\\\/\\\/web-designer.al\\\/reklamim-biznesi\\\/\"]}]},{\"@type\":\"ImageObject\",\"inLanguage\":\"en-US\",\"@id\":\"https:\\\/\\\/web-designer.al\\\/reklamim-biznesi\\\/#primaryimage\",\"url\":\"https:\\\/\\\/web-designer.al\\\/wp-content\\\/uploads\\\/2024\\\/04\\\/INALBANIA.AL-AGJENSI-MARKETINGU.png\",\"contentUrl\":\"https:\\\/\\\/web-designer.al\\\/wp-content\\\/uploads\\\/2024\\\/04\\\/INALBANIA.AL-AGJENSI-MARKETINGU.png\",\"width\":1029,\"height\":587,\"caption\":\"INALBANIA.AL - AGJENSI MARKETINGU\"},{\"@type\":\"BreadcrumbList\",\"@id\":\"https:\\\/\\\/web-designer.al\\\/reklamim-biznesi\\\/#breadcrumb\",\"itemListElement\":[{\"@type\":\"ListItem\",\"position\":1,\"name\":\"Home\",\"item\":\"https:\\\/\\\/web-designer.al\\\/\"},{\"@type\":\"ListItem\",\"position\":2,\"name\":\"Reklamim Biznesi\"}]},{\"@type\":\"WebSite\",\"@id\":\"http:\\\/\\\/web-designer.al\\\/#website\",\"url\":\"http:\\\/\\\/web-designer.al\\\/\",\"name\":\"Faqe Website - Ndertim Website\",\"description\":\"Faqe Website - Ndertim Website ne Shqiperi\",\"publisher\":{\"@id\":\"http:\\\/\\\/web-designer.al\\\/#organization\"},\"potentialAction\":[{\"@type\":\"SearchAction\",\"target\":{\"@type\":\"EntryPoint\",\"urlTemplate\":\"http:\\\/\\\/web-designer.al\\\/?s={search_term_string}\"},\"query-input\":{\"@type\":\"PropertyValueSpecification\",\"valueRequired\":true,\"valueName\":\"search_term_string\"}}],\"inLanguage\":\"en-US\"},{\"@type\":\"Organization\",\"@id\":\"http:\\\/\\\/web-designer.al\\\/#organization\",\"name\":\"Faqe Website - Ndertim Website\",\"url\":\"http:\\\/\\\/web-designer.al\\\/\",\"logo\":{\"@type\":\"ImageObject\",\"inLanguage\":\"en-US\",\"@id\":\"http:\\\/\\\/web-designer.al\\\/#\\\/schema\\\/logo\\\/image\\\/\",\"url\":\"https:\\\/\\\/web-designer.al\\\/wp-content\\\/uploads\\\/2023\\\/12\\\/WhatsApp_Image_2024-07-13_at_20.35.56-removebg-preview-1.png\",\"contentUrl\":\"https:\\\/\\\/web-designer.al\\\/wp-content\\\/uploads\\\/2023\\\/12\\\/WhatsApp_Image_2024-07-13_at_20.35.56-removebg-preview-1.png\",\"width\":150,\"height\":80,\"caption\":\"Faqe Website - Ndertim Website\"},\"image\":{\"@id\":\"http:\\\/\\\/web-designer.al\\\/#\\\/schema\\\/logo\\\/image\\\/\"},\"sameAs\":[\"https:\\\/\\\/www.facebook.com\\\/profile.php?id=61556698542677&mibextid=uzlsIk\"]}]}<\/script>\n<!-- \/ Yoast SEO plugin. -->","yoast_head_json":{"title":"Reklamim Biznesi - Faqe Website - Ndertim Website","description":"Reklamim biznesi online ne platformen inalbania.al duke i dhe biznesit tuaj vleren e merituar ne boten e interneti.","robots":{"index":"index","follow":"follow","max-snippet":"max-snippet:-1","max-image-preview":"max-image-preview:large","max-video-preview":"max-video-preview:-1"},"canonical":"https:\/\/web-designer.al\/en\/reklamim-biznesi\/","og_locale":"en_US","og_type":"article","og_title":"Reklamim Biznesi - Faqe Website - Ndertim Website","og_description":"Reklamim biznesi online ne platformen inalbania.al duke i dhe biznesit tuaj vleren e merituar ne boten e interneti.","og_url":"https:\/\/web-designer.al\/en\/reklamim-biznesi\/","og_site_name":"Faqe Website - Ndertim Website","article_publisher":"https:\/\/www.facebook.com\/profile.php?id=61556698542677&mibextid=uzlsIk","article_modified_time":"2024-11-06T20:51:15+00:00","og_image":[{"width":1029,"height":587,"url":"http:\/\/web-designer.al\/wp-content\/uploads\/2024\/04\/INALBANIA.AL-AGJENSI-MARKETINGU.png","type":"image\/png"}],"twitter_card":"summary_large_image","twitter_misc":{"Est. reading time":"3 minutes"},"schema":{"@context":"https:\/\/schema.org","@graph":[{"@type":"WebPage","@id":"https:\/\/web-designer.al\/reklamim-biznesi\/","url":"https:\/\/web-designer.al\/reklamim-biznesi\/","name":"Reklamim Biznesi - Faqe Website - Ndertim Website","isPartOf":{"@id":"http:\/\/web-designer.al\/#website"},"primaryImageOfPage":{"@id":"https:\/\/web-designer.al\/reklamim-biznesi\/#primaryimage"},"image":{"@id":"https:\/\/web-designer.al\/reklamim-biznesi\/#primaryimage"},"thumbnailUrl":"https:\/\/web-designer.al\/wp-content\/uploads\/2024\/04\/INALBANIA.AL-AGJENSI-MARKETINGU.png","datePublished":"2024-03-03T09:38:12+00:00","dateModified":"2024-11-06T20:51:15+00:00","description":"Reklamim biznesi online ne platformen inalbania.al duke i dhe biznesit tuaj vleren e merituar ne boten e interneti.","breadcrumb":{"@id":"https:\/\/web-designer.al\/reklamim-biznesi\/#breadcrumb"},"inLanguage":"en-US","potentialAction":[{"@type":"ReadAction","target":["https:\/\/web-designer.al\/reklamim-biznesi\/"]}]},{"@type":"ImageObject","inLanguage":"en-US","@id":"https:\/\/web-designer.al\/reklamim-biznesi\/#primaryimage","url":"https:\/\/web-designer.al\/wp-content\/uploads\/2024\/04\/INALBANIA.AL-AGJENSI-MARKETINGU.png","contentUrl":"https:\/\/web-designer.al\/wp-content\/uploads\/2024\/04\/INALBANIA.AL-AGJENSI-MARKETINGU.png","width":1029,"height":587,"caption":"INALBANIA.AL - AGJENSI MARKETINGU"},{"@type":"BreadcrumbList","@id":"https:\/\/web-designer.al\/reklamim-biznesi\/#breadcrumb","itemListElement":[{"@type":"ListItem","position":1,"name":"Home","item":"https:\/\/web-designer.al\/"},{"@type":"ListItem","position":2,"name":"Reklamim Biznesi"}]},{"@type":"WebSite","@id":"http:\/\/web-designer.al\/#website","url":"http:\/\/web-designer.al\/","name":"Faqe Website - Ndertim Website","description":"Faqe Website - Ndertim Website ne Shqiperi","publisher":{"@id":"http:\/\/web-designer.al\/#organization"},"potentialAction":[{"@type":"SearchAction","target":{"@type":"EntryPoint","urlTemplate":"http:\/\/web-designer.al\/?s={search_term_string}"},"query-input":{"@type":"PropertyValueSpecification","valueRequired":true,"valueName":"search_term_string"}}],"inLanguage":"en-US"},{"@type":"Organization","@id":"http:\/\/web-designer.al\/#organization","name":"Faqe Website - Ndertim Website","url":"http:\/\/web-designer.al\/","logo":{"@type":"ImageObject","inLanguage":"en-US","@id":"http:\/\/web-designer.al\/#\/schema\/logo\/image\/","url":"https:\/\/web-designer.al\/wp-content\/uploads\/2023\/12\/WhatsApp_Image_2024-07-13_at_20.35.56-removebg-preview-1.png","contentUrl":"https:\/\/web-designer.al\/wp-content\/uploads\/2023\/12\/WhatsApp_Image_2024-07-13_at_20.35.56-removebg-preview-1.png","width":150,"height":80,"caption":"Faqe Website - Ndertim Website"},"image":{"@id":"http:\/\/web-designer.al\/#\/schema\/logo\/image\/"},"sameAs":["https:\/\/www.facebook.com\/profile.php?id=61556698542677&mibextid=uzlsIk"]}]}},"_links":{"self":[{"href":"https:\/\/web-designer.al\/en\/wp-json\/wp\/v2\/pages\/2646","targetHints":{"allow":["GET"]}}],"collection":[{"href":"https:\/\/web-designer.al\/en\/wp-json\/wp\/v2\/pages"}],"about":[{"href":"https:\/\/web-designer.al\/en\/wp-json\/wp\/v2\/types\/page"}],"author":[{"embeddable":true,"href":"https:\/\/web-designer.al\/en\/wp-json\/wp\/v2\/users\/1"}],"replies":[{"embeddable":true,"href":"https:\/\/web-designer.al\/en\/wp-json\/wp\/v2\/comments?post=2646"}],"version-history":[{"count":43,"href":"https:\/\/web-designer.al\/en\/wp-json\/wp\/v2\/pages\/2646\/revisions"}],"predecessor-version":[{"id":3600,"href":"https:\/\/web-designer.al\/en\/wp-json\/wp\/v2\/pages\/2646\/revisions\/3600"}],"wp:featuredmedia":[{"embeddable":true,"href":"https:\/\/web-designer.al\/en\/wp-json\/wp\/v2\/media\/3163"}],"wp:attachment":[{"href":"https:\/\/web-designer.al\/en\/wp-json\/wp\/v2\/media?parent=2646"}],"curies":[{"name":"wp","href":"https:\/\/api.w.org\/{rel}","templated":true}]}}