{"id":2681,"date":"2024-03-03T09:59:41","date_gmt":"2024-03-03T09:59:41","guid":{"rendered":"http:\/\/web-designer.al\/?page_id=2681"},"modified":"2024-11-06T21:00:58","modified_gmt":"2024-11-06T21:00:58","slug":"website-host","status":"publish","type":"page","link":"https:\/\/web-designer.al\/en\/website-host\/","title":{"rendered":"Website Host"},"content":{"rendered":"<div data-elementor-type=\"wp-page\" data-elementor-id=\"2681\" class=\"elementor elementor-2681\" data-elementor-post-type=\"page\">\n\t\t\t\t<div class=\"elementor-element elementor-element-15e68ed e-flex e-con-boxed e-con e-parent\" data-id=\"15e68ed\" data-element_type=\"container\" data-e-type=\"container\">\n\t\t\t\t\t<div class=\"e-con-inner\">\n\t\t\r\n\t\t<div class=\"elementor-element elementor-element-67ff3a2 elementor-widget__width-initial elementor-widget-tablet__width-inherit elementor-widget elementor-widget-mediaxsectiontitle\" data-id=\"67ff3a2\" data-element_type=\"widget\" data-e-type=\"widget\" data-widget_type=\"mediaxsectiontitle.default\">\n\t\t\t\t<div class=\"elementor-widget-container\">\n\t\t\t\t\t\t\t<div class=\"title-area text-center\">\r\n\t\t\t<h2 class=\"sec-title\">Website Host<\/h2>\t\t<\/div>\r\n\r\n\t\t\t\t\t<\/div>\n\t\t\t\t<\/div>\n\t\t\t\t<div class=\"elementor-element elementor-element-3363bfc elementor-widget__width-initial elementor-widget-tablet__width-inherit elementor-widget elementor-widget-mediaxsectiontitle\" data-id=\"3363bfc\" data-element_type=\"widget\" data-e-type=\"widget\" data-widget_type=\"mediaxsectiontitle.default\">\n\t\t\t\t<div class=\"elementor-widget-container\">\n\t\t\t\t\t\t\t<div class=\"title-area text-center\">\r\n\t\t\t<h2 class=\"sec-title\">Domain \/ Hosting<\/h2>\t\t<\/div>\r\n\r\n\t\t\t\t\t<\/div>\n\t\t\t\t<\/div>\n\t\t\t\t\t<\/div>\n\t\t\t\t<\/div>\n\t\t<div class=\"elementor-element elementor-element-3ec0f2a5 e-flex e-con-boxed e-con e-parent\" data-id=\"3ec0f2a5\" data-element_type=\"container\" data-e-type=\"container\">\n\t\t\t\t\t<div class=\"e-con-inner\">\n\t\t<div class=\"elementor-element elementor-element-1e4cafe5 e-con-full sidebar-area e-flex e-con e-child\" data-id=\"1e4cafe5\" data-element_type=\"container\" data-e-type=\"container\">\n\t\t<div class=\"elementor-element elementor-element-4b305387 e-con-full e-flex e-con e-child\" data-id=\"4b305387\" data-element_type=\"container\" data-e-type=\"container\">\n\t\t\t\t<div class=\"elementor-element elementor-element-8905988 elementor-widget elementor-widget-mediaxservicelist\" data-id=\"8905988\" data-element_type=\"widget\" data-e-type=\"widget\" data-widget_type=\"mediaxservicelist.default\">\n\t\t\t\t<div class=\"elementor-widget-container\">\n\t\t\t\t\t<div class=\"widget widget_categories\"><h3 class=\"widget_title\">Our Service<\/h3><ul><li><a href=\"http:\/\/web-designer.al\/en\/krijim-website\/\">Website Build<\/a><\/li><li><a href=\"http:\/\/web-designer.al\/en\/reklamim-biznesi\/\">Online Marketing<\/a><\/li><li><a href=\"http:\/\/web-designer.al\/en\/shtim-followers\/\">Add Followers<\/a><\/li><li><a href=\"http:\/\/web-designer.al\/en\/website-host\/\">Website Host<\/a><\/li><li><a href=\"http:\/\/web-designer.al\/en\/njoftime-push-up\/\">Push Up Notifications<\/a><\/li><li><a href=\"http:\/\/web-designer.al\/en\/google-fb-insta-ads\/\">Google -Fb \u2013 Insta ADS<\/a><\/li><\/ul><\/div>\t\t\t\t<\/div>\n\t\t\t\t<\/div>\n\t\t\t\t<\/div>\n\t\t<div class=\"elementor-element elementor-element-24e76ac4 e-con-full e-flex e-con e-child\" data-id=\"24e76ac4\" data-element_type=\"container\" data-e-type=\"container\">\n\t\t\t\t<div class=\"elementor-element elementor-element-24c4287b elementor-widget elementor-widget-heading\" data-id=\"24c4287b\" data-element_type=\"widget\" data-e-type=\"widget\" data-widget_type=\"heading.default\">\n\t\t\t\t<div class=\"elementor-widget-container\">\n\t\t\t\t\t<h3 class=\"elementor-heading-title elementor-size-default\">Why should you choose  Us?<\/h3>\t\t\t\t<\/div>\n\t\t\t\t<\/div>\n\t\t\t\t<div class=\"elementor-element elementor-element-78d6aadb elementor-widget elementor-widget-text-editor\" data-id=\"78d6aadb\" data-element_type=\"widget\" data-e-type=\"widget\" data-widget_type=\"text-editor.default\">\n\t\t\t\t<div class=\"elementor-widget-container\">\n\t\t\t\t\t\t\t\t\t<div class=\"checklist body-color\"><ul><li><h4><i class=\"fas fa-check-circle\"><\/i>Best Prices<\/h4><\/li><li><h4><i class=\"fas fa-check-circle\"><\/i>Excellence<\/h4><\/li><li><h4><i class=\"fas fa-check-circle\"><\/i>Correctly<\/h4><\/li><li><h4><i class=\"fas fa-check-circle\"><\/i> Innovation<\/h4><\/li><li><h4><i class=\"fas fa-check-circle\"><\/i>Professional Service<\/h4><\/li><\/ul><\/div>\t\t\t\t\t\t\t\t<\/div>\n\t\t\t\t<\/div>\n\t\t\t\t<\/div>\n\t\t\t\t<\/div>\n\t\t<div class=\"elementor-element elementor-element-3068b6f7 e-con-full e-flex e-con e-child\" data-id=\"3068b6f7\" data-element_type=\"container\" data-e-type=\"container\">\n\t\t\t\t<div class=\"elementor-element elementor-element-349549be elementor-widget elementor-widget-image\" data-id=\"349549be\" data-element_type=\"widget\" data-e-type=\"widget\" data-widget_type=\"image.default\">\n\t\t\t\t<div class=\"elementor-widget-container\">\n\t\t\t\t\t\t\t\t\t\t\t\t\t\t\t<img fetchpriority=\"high\" decoding=\"async\" width=\"740\" height=\"493\" src=\"https:\/\/web-designer.al\/wp-content\/uploads\/2024\/03\/Hostim-Website.jpg\" class=\"attachment-full size-full wp-image-2707\" alt=\"Hostim Website\" srcset=\"https:\/\/web-designer.al\/wp-content\/uploads\/2024\/03\/Hostim-Website.jpg 740w, https:\/\/web-designer.al\/wp-content\/uploads\/2024\/03\/Hostim-Website-300x200.jpg 300w, https:\/\/web-designer.al\/wp-content\/uploads\/2024\/03\/Hostim-Website-600x400.jpg 600w\" sizes=\"(max-width: 740px) 100vw, 740px\" \/>\t\t\t\t\t\t\t\t\t\t\t\t\t\t\t<\/div>\n\t\t\t\t<\/div>\n\t\t\t\t<div class=\"elementor-element elementor-element-76185d21 elementor-widget elementor-widget-heading\" data-id=\"76185d21\" data-element_type=\"widget\" data-e-type=\"widget\" data-widget_type=\"heading.default\">\n\t\t\t\t<div class=\"elementor-widget-container\">\n\t\t\t\t\t<h2 class=\"elementor-heading-title elementor-size-default\">Website &amp; Domain Hosting<\/h2>\t\t\t\t<\/div>\n\t\t\t\t<\/div>\n\t\t\t\t<div class=\"elementor-element elementor-element-5aef43bc elementor-widget elementor-widget-text-editor\" data-id=\"5aef43bc\" data-element_type=\"widget\" data-e-type=\"widget\" data-widget_type=\"text-editor.default\">\n\t\t\t\t<div class=\"elementor-widget-container\">\n\t\t\t\t\t\t\t\t\t<p>Ne ofrojm\u00eb sh\u00ebrbimin web hosting me servera t\u00eb besuesh\u00ebm. Ne krenohemi me cil\u00ebsin\u00eb ton\u00eb t\u00eb jasht\u00ebzakonshme, p\u00ebrgjigjet e shpejta t\u00eb mb\u00ebshtetjes online, performance e larte serveri dhe t\u00eb sh\u00ebrbimit t\u00eb kujdesit ndaj klientit.<\/p>\t\t\t\t\t\t\t\t<\/div>\n\t\t\t\t<\/div>\n\t\t\t\t<div class=\"elementor-element elementor-element-4f07f346 elementor-widget elementor-widget-text-editor\" data-id=\"4f07f346\" data-element_type=\"widget\" data-e-type=\"widget\" data-widget_type=\"text-editor.default\">\n\t\t\t\t<div class=\"elementor-widget-container\">\n\t\t\t\t\t\t\t\t\t<p class=\"elementor-heading-title elementor-size-default\">Sh\u00ebrbimi Host me Plesk &amp; cPanel, hapsir\u00eb, trafik, email. Tek ne do t\u00eb gjeni at\u00eb cfar\u00eb ju nevojitet, me tarif\u00ebn dhe nivelin e cilesis\u00eb q\u00eb duhet. Ne jemi rishit\u00ebs t\u00eb cil\u00ebt e b\u00ebjm\u00eb hostimin e mbi 70 websajteve n\u00eb mbar\u00eb bot\u00ebn virtuale. Ofrohet sh\u00ebrbim i qendrueshem ne 99.9% te koh\u00ebs si dhe cfar\u00eb \u00ebsht\u00eb m\u00eb e r\u00ebnd\u00ebsishmja suport ne cdo koh\u00eb 24\/7.<\/p>\t\t\t\t\t\t\t\t<\/div>\n\t\t\t\t<\/div>\n\t\t\t\t<div class=\"elementor-element elementor-element-4e58ea37 elementor-widget elementor-widget-text-editor\" data-id=\"4e58ea37\" data-element_type=\"widget\" data-e-type=\"widget\" data-widget_type=\"text-editor.default\">\n\t\t\t\t<div class=\"elementor-widget-container\">\n\t\t\t\t\t\t\t\t\t<h3>What services does web-designer.al offer for Hosting?<\/h3><p>Web-designer.al offers the service of registering an internet address (domain) as well as opening a server\/host space (site server). We can register the domain and offer website hosting for you only for \u20ac120 per year for all domains such as: .com .al .eu etc..<\/p>\t\t\t\t\t\t\t\t<\/div>\n\t\t\t\t<\/div>\n\t\t\t\t<\/div>\n\t\t\t\t\t<\/div>\n\t\t\t\t<\/div>\n\t\t<div class=\"elementor-element elementor-element-6998067e e-flex e-con-boxed e-con e-parent\" data-id=\"6998067e\" data-element_type=\"container\" data-e-type=\"container\">\n\t\t\t\t\t<div class=\"e-con-inner\">\n\t\t\t\t<div class=\"elementor-element elementor-element-199994a8 elementor-widget elementor-widget-mediaxsectiontitle\" data-id=\"199994a8\" data-element_type=\"widget\" data-e-type=\"widget\" data-widget_type=\"mediaxsectiontitle.default\">\n\t\t\t\t<div class=\"elementor-widget-container\">\n\t\t\t\t\t\t\t<div class=\"title-area text-center\">\r\n\t\t\t<span class=\"sub-title\"><img decoding=\"async\" src=\"https:\/\/web-designer.al\/wp-content\/plugins\/mediax-core\/assets\/img\/title_icon.svg\" alt=\"Shape\">Website Host<\/span><h2 class=\"sec-title\">Some of our hosting<\/h2>\t\t<\/div>\r\n\r\n\t\t\t\t\t<\/div>\n\t\t\t\t<\/div>\n\t\t\t\t<div class=\"elementor-element elementor-element-183aa1ff elementor-widget elementor-widget-mediaxteam\" data-id=\"183aa1ff\" data-element_type=\"widget\" data-e-type=\"widget\" data-widget_type=\"mediaxteam.default\">\n\t\t\t\t<div class=\"elementor-widget-container\">\n\t\t\t\t\t<div class=\"swiper th-slider has-shadow\" id=\"teamSlider1\" data-slider-options='{\"breakpoints\":{\"0\":{\"slidesPerView\":1},\"576\":{\"slidesPerView\":\"2\"},\"768\":{\"slidesPerView\":\"2\"},\"992\":{\"slidesPerView\":\"3\"},\"1200\":{\"slidesPerView\":\"4\"}}}'><div class=\"swiper-wrapper\"><div class=\"swiper-slide\"><div class=\"th-team team-card\"><div class=\"box-img\"><img decoding=\"async\" src=\"http:\/\/web-designer.al\/wp-content\/uploads\/2024\/02\/INALBANIA.AL-Agjensi-Reklamimi-Biznesesh-Online-min.png\" alt=\"INALBANIA.AL Agjensi Reklamimi Biznesesh Online min\"  \/><div class=\"th-social\"><a  href=\"https:\/\/facebook.com\/inalbaniaa\"><i class=\"fab fa-facebook-f\"><\/i><\/a><a  href=\"https:\/\/instagram.com\/inalbania.al\"><i class=\"fab fa-instagram\"><\/i><\/a><\/div><\/div><h3 class=\"box-title\"><a href=\"https:\/\/inalbania.al\">inalbania.al<\/a><\/h3><span class=\"team-desig\">Advertising Agency<\/span><\/div><\/div><div class=\"swiper-slide\"><div class=\"th-team team-card\"><div class=\"box-img\"><img decoding=\"async\" src=\"http:\/\/web-designer.al\/wp-content\/uploads\/2024\/02\/A15-TROCKENBAU.DE-TROCKENBAU-FIRMA.png\" alt=\"A15 TROCKENBAU.DE TROCKENBAU FIRMA\"  \/><div class=\"th-social\"><a  href=\"https:\/\/instagram.com\/trockenbau_firma\"><i class=\"fab fa-instagram\"><\/i><\/a><\/div><\/div><h3 class=\"box-title\"><a href=\"\">a15-trockenbau.de<\/a><\/h3><span class=\"team-desig\">Construction Company<\/span><\/div><\/div><div class=\"swiper-slide\"><div class=\"th-team team-card\"><div class=\"box-img\"><img decoding=\"async\" src=\"http:\/\/web-designer.al\/wp-content\/uploads\/2024\/02\/KARROTRECFIER.AL-Sherbim-Karrotreci-1.png\" alt=\"KARROTRECFIER.AL Sherbim Karrotreci 1\"  \/><div class=\"th-social\"><\/div><\/div><h3 class=\"box-title\"><a href=\"https:\/\/karrotrecfier.al\">karrotrecfier.al<\/a><\/h3><span class=\"team-desig\">Towing Service<\/span><\/div><\/div><div class=\"swiper-slide\"><div class=\"th-team team-card\"><div class=\"box-img\"><img decoding=\"async\" src=\"http:\/\/web-designer.al\/wp-content\/uploads\/2024\/02\/DENTISTS.AL-Turismo-Dentale-Albania-min.png\" alt=\"DENTISTS.AL Turismo Dentale Albania min\"  \/><div class=\"th-social\"><a  href=\"https:\/\/twitter.com\/\"><i class=\"fab fa-twitter\"><\/i><\/a><a  href=\"https:\/\/linkedin.com\/\"><i class=\"fab fa-linkedin-in\"><\/i><\/a><\/div><\/div><h3 class=\"box-title\"><a href=\"https:\/\/dentists.al\">dentists.al<\/a><\/h3><span class=\"team-desig\">Dental Tourism<\/span><\/div><\/div><\/div><\/div>\t\t\t\t<\/div>\n\t\t\t\t<\/div>\n\t\t\t\t\t<\/div>\n\t\t\t\t<\/div>\n\t\t\t\t<\/div>","protected":false},"excerpt":{"rendered":"<p>Hostim Websajti Domain \/ Hapsire Hostimi Sherbimet Krijim Website Marketing Online Shtim Followers Website Host Njoftime Push Up Google &#8211; Fb &#8211; Insta ADS Perse duhet te bashk\u00ebpunoni me ne? \u00c7mime Konkuruese Cilesi Korrektesi Inovacion Sherbim Profesional Hostim Websajt &amp; Domain Ne ofrojm\u00eb sh\u00ebrbimin web hosting me servera t\u00eb besuesh\u00ebm. Ne krenohemi me cil\u00ebsin\u00eb ton\u00eb&#8230;<\/p>","protected":false},"author":1,"featured_media":2707,"parent":0,"menu_order":0,"comment_status":"closed","ping_status":"closed","template":"","meta":{"footnotes":""},"class_list":["post-2681","page","type-page","status-publish","has-post-thumbnail","hentry"],"yoast_head":"<!-- This site is optimized with the Yoast SEO plugin v27.3 - https:\/\/yoast.com\/product\/yoast-seo-wordpress\/ -->\n<title>Website Host - Faqe Website - Ndertim Website<\/title>\n<meta name=\"robots\" content=\"index, follow, max-snippet:-1, max-image-preview:large, max-video-preview:-1\" \/>\n<link rel=\"canonical\" href=\"https:\/\/web-designer.al\/en\/website-host\/\" \/>\n<meta property=\"og:locale\" content=\"en_US\" \/>\n<meta property=\"og:type\" content=\"article\" \/>\n<meta property=\"og:title\" content=\"Website Host - Faqe Website - Ndertim Website\" \/>\n<meta property=\"og:description\" content=\"Hostim Websajti Domain \/ Hapsire Hostimi Sherbimet Krijim Website Marketing Online Shtim Followers Website Host Njoftime Push Up Google &#8211; Fb &#8211; Insta ADS Perse duhet te bashk\u00ebpunoni me ne? \u00c7mime Konkuruese Cilesi Korrektesi Inovacion Sherbim Profesional Hostim Websajt &amp; Domain Ne ofrojm\u00eb sh\u00ebrbimin web hosting me servera t\u00eb besuesh\u00ebm. Ne krenohemi me cil\u00ebsin\u00eb ton\u00eb...\" \/>\n<meta property=\"og:url\" content=\"https:\/\/web-designer.al\/en\/website-host\/\" \/>\n<meta property=\"og:site_name\" content=\"Faqe Website - Ndertim Website\" \/>\n<meta property=\"article:publisher\" content=\"https:\/\/www.facebook.com\/profile.php?id=61556698542677&amp;mibextid=uzlsIk\" \/>\n<meta property=\"article:modified_time\" content=\"2024-11-06T21:00:58+00:00\" \/>\n<meta property=\"og:image\" content=\"http:\/\/web-designer.al\/wp-content\/uploads\/2024\/03\/Hostim-Website.jpg\" \/>\n\t<meta property=\"og:image:width\" content=\"740\" \/>\n\t<meta property=\"og:image:height\" content=\"493\" \/>\n\t<meta property=\"og:image:type\" content=\"image\/jpeg\" \/>\n<meta name=\"twitter:card\" content=\"summary_large_image\" \/>\n<meta name=\"twitter:label1\" content=\"Est. reading time\" \/>\n\t<meta name=\"twitter:data1\" content=\"3 minutes\" \/>\n<script type=\"application\/ld+json\" class=\"yoast-schema-graph\">{\"@context\":\"https:\\\/\\\/schema.org\",\"@graph\":[{\"@type\":\"WebPage\",\"@id\":\"https:\\\/\\\/web-designer.al\\\/website-host\\\/\",\"url\":\"https:\\\/\\\/web-designer.al\\\/website-host\\\/\",\"name\":\"Website Host - Faqe Website - Ndertim Website\",\"isPartOf\":{\"@id\":\"http:\\\/\\\/web-designer.al\\\/#website\"},\"primaryImageOfPage\":{\"@id\":\"https:\\\/\\\/web-designer.al\\\/website-host\\\/#primaryimage\"},\"image\":{\"@id\":\"https:\\\/\\\/web-designer.al\\\/website-host\\\/#primaryimage\"},\"thumbnailUrl\":\"https:\\\/\\\/web-designer.al\\\/wp-content\\\/uploads\\\/2024\\\/03\\\/Hostim-Website.jpg\",\"datePublished\":\"2024-03-03T09:59:41+00:00\",\"dateModified\":\"2024-11-06T21:00:58+00:00\",\"breadcrumb\":{\"@id\":\"https:\\\/\\\/web-designer.al\\\/website-host\\\/#breadcrumb\"},\"inLanguage\":\"en-US\",\"potentialAction\":[{\"@type\":\"ReadAction\",\"target\":[\"https:\\\/\\\/web-designer.al\\\/website-host\\\/\"]}]},{\"@type\":\"ImageObject\",\"inLanguage\":\"en-US\",\"@id\":\"https:\\\/\\\/web-designer.al\\\/website-host\\\/#primaryimage\",\"url\":\"https:\\\/\\\/web-designer.al\\\/wp-content\\\/uploads\\\/2024\\\/03\\\/Hostim-Website.jpg\",\"contentUrl\":\"https:\\\/\\\/web-designer.al\\\/wp-content\\\/uploads\\\/2024\\\/03\\\/Hostim-Website.jpg\",\"width\":740,\"height\":493,\"caption\":\"Hostim Website\"},{\"@type\":\"BreadcrumbList\",\"@id\":\"https:\\\/\\\/web-designer.al\\\/website-host\\\/#breadcrumb\",\"itemListElement\":[{\"@type\":\"ListItem\",\"position\":1,\"name\":\"Home\",\"item\":\"https:\\\/\\\/web-designer.al\\\/\"},{\"@type\":\"ListItem\",\"position\":2,\"name\":\"Website Host\"}]},{\"@type\":\"WebSite\",\"@id\":\"http:\\\/\\\/web-designer.al\\\/#website\",\"url\":\"http:\\\/\\\/web-designer.al\\\/\",\"name\":\"Faqe Website - Ndertim Website\",\"description\":\"Faqe Website - Ndertim Website ne Shqiperi\",\"publisher\":{\"@id\":\"http:\\\/\\\/web-designer.al\\\/#organization\"},\"potentialAction\":[{\"@type\":\"SearchAction\",\"target\":{\"@type\":\"EntryPoint\",\"urlTemplate\":\"http:\\\/\\\/web-designer.al\\\/?s={search_term_string}\"},\"query-input\":{\"@type\":\"PropertyValueSpecification\",\"valueRequired\":true,\"valueName\":\"search_term_string\"}}],\"inLanguage\":\"en-US\"},{\"@type\":\"Organization\",\"@id\":\"http:\\\/\\\/web-designer.al\\\/#organization\",\"name\":\"Faqe Website - Ndertim Website\",\"url\":\"http:\\\/\\\/web-designer.al\\\/\",\"logo\":{\"@type\":\"ImageObject\",\"inLanguage\":\"en-US\",\"@id\":\"http:\\\/\\\/web-designer.al\\\/#\\\/schema\\\/logo\\\/image\\\/\",\"url\":\"https:\\\/\\\/web-designer.al\\\/wp-content\\\/uploads\\\/2023\\\/12\\\/WhatsApp_Image_2024-07-13_at_20.35.56-removebg-preview-1.png\",\"contentUrl\":\"https:\\\/\\\/web-designer.al\\\/wp-content\\\/uploads\\\/2023\\\/12\\\/WhatsApp_Image_2024-07-13_at_20.35.56-removebg-preview-1.png\",\"width\":150,\"height\":80,\"caption\":\"Faqe Website - Ndertim Website\"},\"image\":{\"@id\":\"http:\\\/\\\/web-designer.al\\\/#\\\/schema\\\/logo\\\/image\\\/\"},\"sameAs\":[\"https:\\\/\\\/www.facebook.com\\\/profile.php?id=61556698542677&mibextid=uzlsIk\"]}]}<\/script>\n<!-- \/ Yoast SEO plugin. -->","yoast_head_json":{"title":"Website Host - Faqe Website - Ndertim Website","robots":{"index":"index","follow":"follow","max-snippet":"max-snippet:-1","max-image-preview":"max-image-preview:large","max-video-preview":"max-video-preview:-1"},"canonical":"https:\/\/web-designer.al\/en\/website-host\/","og_locale":"en_US","og_type":"article","og_title":"Website Host - Faqe Website - Ndertim Website","og_description":"Hostim Websajti Domain \/ Hapsire Hostimi Sherbimet Krijim Website Marketing Online Shtim Followers Website Host Njoftime Push Up Google &#8211; Fb &#8211; Insta ADS Perse duhet te bashk\u00ebpunoni me ne? \u00c7mime Konkuruese Cilesi Korrektesi Inovacion Sherbim Profesional Hostim Websajt &amp; Domain Ne ofrojm\u00eb sh\u00ebrbimin web hosting me servera t\u00eb besuesh\u00ebm. Ne krenohemi me cil\u00ebsin\u00eb ton\u00eb...","og_url":"https:\/\/web-designer.al\/en\/website-host\/","og_site_name":"Faqe Website - Ndertim Website","article_publisher":"https:\/\/www.facebook.com\/profile.php?id=61556698542677&mibextid=uzlsIk","article_modified_time":"2024-11-06T21:00:58+00:00","og_image":[{"width":740,"height":493,"url":"http:\/\/web-designer.al\/wp-content\/uploads\/2024\/03\/Hostim-Website.jpg","type":"image\/jpeg"}],"twitter_card":"summary_large_image","twitter_misc":{"Est. reading time":"3 minutes"},"schema":{"@context":"https:\/\/schema.org","@graph":[{"@type":"WebPage","@id":"https:\/\/web-designer.al\/website-host\/","url":"https:\/\/web-designer.al\/website-host\/","name":"Website Host - Faqe Website - Ndertim Website","isPartOf":{"@id":"http:\/\/web-designer.al\/#website"},"primaryImageOfPage":{"@id":"https:\/\/web-designer.al\/website-host\/#primaryimage"},"image":{"@id":"https:\/\/web-designer.al\/website-host\/#primaryimage"},"thumbnailUrl":"https:\/\/web-designer.al\/wp-content\/uploads\/2024\/03\/Hostim-Website.jpg","datePublished":"2024-03-03T09:59:41+00:00","dateModified":"2024-11-06T21:00:58+00:00","breadcrumb":{"@id":"https:\/\/web-designer.al\/website-host\/#breadcrumb"},"inLanguage":"en-US","potentialAction":[{"@type":"ReadAction","target":["https:\/\/web-designer.al\/website-host\/"]}]},{"@type":"ImageObject","inLanguage":"en-US","@id":"https:\/\/web-designer.al\/website-host\/#primaryimage","url":"https:\/\/web-designer.al\/wp-content\/uploads\/2024\/03\/Hostim-Website.jpg","contentUrl":"https:\/\/web-designer.al\/wp-content\/uploads\/2024\/03\/Hostim-Website.jpg","width":740,"height":493,"caption":"Hostim Website"},{"@type":"BreadcrumbList","@id":"https:\/\/web-designer.al\/website-host\/#breadcrumb","itemListElement":[{"@type":"ListItem","position":1,"name":"Home","item":"https:\/\/web-designer.al\/"},{"@type":"ListItem","position":2,"name":"Website Host"}]},{"@type":"WebSite","@id":"http:\/\/web-designer.al\/#website","url":"http:\/\/web-designer.al\/","name":"Faqe Website - Ndertim Website","description":"Faqe Website - Ndertim Website ne Shqiperi","publisher":{"@id":"http:\/\/web-designer.al\/#organization"},"potentialAction":[{"@type":"SearchAction","target":{"@type":"EntryPoint","urlTemplate":"http:\/\/web-designer.al\/?s={search_term_string}"},"query-input":{"@type":"PropertyValueSpecification","valueRequired":true,"valueName":"search_term_string"}}],"inLanguage":"en-US"},{"@type":"Organization","@id":"http:\/\/web-designer.al\/#organization","name":"Faqe Website - Ndertim Website","url":"http:\/\/web-designer.al\/","logo":{"@type":"ImageObject","inLanguage":"en-US","@id":"http:\/\/web-designer.al\/#\/schema\/logo\/image\/","url":"https:\/\/web-designer.al\/wp-content\/uploads\/2023\/12\/WhatsApp_Image_2024-07-13_at_20.35.56-removebg-preview-1.png","contentUrl":"https:\/\/web-designer.al\/wp-content\/uploads\/2023\/12\/WhatsApp_Image_2024-07-13_at_20.35.56-removebg-preview-1.png","width":150,"height":80,"caption":"Faqe Website - Ndertim Website"},"image":{"@id":"http:\/\/web-designer.al\/#\/schema\/logo\/image\/"},"sameAs":["https:\/\/www.facebook.com\/profile.php?id=61556698542677&mibextid=uzlsIk"]}]}},"_links":{"self":[{"href":"https:\/\/web-designer.al\/en\/wp-json\/wp\/v2\/pages\/2681","targetHints":{"allow":["GET"]}}],"collection":[{"href":"https:\/\/web-designer.al\/en\/wp-json\/wp\/v2\/pages"}],"about":[{"href":"https:\/\/web-designer.al\/en\/wp-json\/wp\/v2\/types\/page"}],"author":[{"embeddable":true,"href":"https:\/\/web-designer.al\/en\/wp-json\/wp\/v2\/users\/1"}],"replies":[{"embeddable":true,"href":"https:\/\/web-designer.al\/en\/wp-json\/wp\/v2\/comments?post=2681"}],"version-history":[{"count":46,"href":"https:\/\/web-designer.al\/en\/wp-json\/wp\/v2\/pages\/2681\/revisions"}],"predecessor-version":[{"id":3621,"href":"https:\/\/web-designer.al\/en\/wp-json\/wp\/v2\/pages\/2681\/revisions\/3621"}],"wp:featuredmedia":[{"embeddable":true,"href":"https:\/\/web-designer.al\/en\/wp-json\/wp\/v2\/media\/2707"}],"wp:attachment":[{"href":"https:\/\/web-designer.al\/en\/wp-json\/wp\/v2\/media?parent=2681"}],"curies":[{"name":"wp","href":"https:\/\/api.w.org\/{rel}","templated":true}]}}