{"id":2733,"date":"2024-03-03T10:46:20","date_gmt":"2024-03-03T10:46:20","guid":{"rendered":"http:\/\/web-designer.al\/?page_id=2733"},"modified":"2024-11-06T21:07:05","modified_gmt":"2024-11-06T21:07:05","slug":"shtim-followers","status":"publish","type":"page","link":"https:\/\/web-designer.al\/en\/shtim-followers\/","title":{"rendered":"Add Followers"},"content":{"rendered":"<div data-elementor-type=\"wp-page\" data-elementor-id=\"2733\" class=\"elementor elementor-2733\" data-elementor-post-type=\"page\">\n\t\t\t\t<div class=\"elementor-element elementor-element-805604d e-flex e-con-boxed e-con e-parent\" data-id=\"805604d\" data-element_type=\"container\" data-e-type=\"container\">\n\t\t\t\t\t<div class=\"e-con-inner\">\n\t\t\r\n\t\t<div class=\"elementor-element elementor-element-521be1b elementor-widget__width-initial elementor-widget-tablet__width-inherit elementor-widget elementor-widget-mediaxsectiontitle\" data-id=\"521be1b\" data-element_type=\"widget\" data-e-type=\"widget\" data-widget_type=\"mediaxsectiontitle.default\">\n\t\t\t\t<div class=\"elementor-widget-container\">\n\t\t\t\t\t\t\t<div class=\"title-area text-center\">\r\n\t\t\t<h2 class=\"sec-title\">Add Followers<\/h2>\t\t<\/div>\r\n\r\n\t\t\t\t\t<\/div>\n\t\t\t\t<\/div>\n\t\t\t\t<div class=\"elementor-element elementor-element-27d53a6 elementor-widget__width-initial elementor-widget-tablet__width-inherit elementor-widget elementor-widget-mediaxsectiontitle\" data-id=\"27d53a6\" data-element_type=\"widget\" data-e-type=\"widget\" data-widget_type=\"mediaxsectiontitle.default\">\n\t\t\t\t<div class=\"elementor-widget-container\">\n\t\t\t\t\t\t\t<div class=\"title-area text-center\">\r\n\t\t\t<h2 class=\"sec-title\">Followers \/ Likes \/ Views<\/h2>\t\t<\/div>\r\n\r\n\t\t\t\t\t<\/div>\n\t\t\t\t<\/div>\n\t\t\t\t\t<\/div>\n\t\t\t\t<\/div>\n\t\t<div class=\"elementor-element elementor-element-1064d342 e-flex e-con-boxed e-con e-parent\" data-id=\"1064d342\" data-element_type=\"container\" data-e-type=\"container\">\n\t\t\t\t\t<div class=\"e-con-inner\">\n\t\t<div class=\"elementor-element elementor-element-3de55245 e-con-full sidebar-area e-flex e-con e-child\" data-id=\"3de55245\" data-element_type=\"container\" data-e-type=\"container\">\n\t\t<div class=\"elementor-element elementor-element-1b83bb9f e-con-full e-flex e-con e-child\" data-id=\"1b83bb9f\" data-element_type=\"container\" data-e-type=\"container\">\n\t\t\t\t<div class=\"elementor-element elementor-element-b851f17 elementor-widget elementor-widget-mediaxservicelist\" data-id=\"b851f17\" data-element_type=\"widget\" data-e-type=\"widget\" data-widget_type=\"mediaxservicelist.default\">\n\t\t\t\t<div class=\"elementor-widget-container\">\n\t\t\t\t\t<div class=\"widget widget_categories\"><h3 class=\"widget_title\">Our Service<\/h3><ul><li><a href=\"http:\/\/web-designer.al\/en\/krijim-website\/\">Website Build<\/a><\/li><li><a href=\"http:\/\/web-designer.al\/en\/reklamim-biznesi\/\">Online Marketing<\/a><\/li><li><a href=\"http:\/\/web-designer.al\/en\/shtim-followers\/\">Add Followers<\/a><\/li><li><a href=\"http:\/\/web-designer.al\/en\/website-host\/\">Website Host<\/a><\/li><li><a href=\"http:\/\/web-designer.al\/en\/njoftime-push-up\/\">Push Up Notifications<\/a><\/li><li><a href=\"http:\/\/web-designer.al\/en\/google-fb-insta-ads\/\">Google -Fb \u2013 Insta ADS<\/a><\/li><\/ul><\/div>\t\t\t\t<\/div>\n\t\t\t\t<\/div>\n\t\t\t\t<\/div>\n\t\t<div class=\"elementor-element elementor-element-68cc64ca e-con-full e-flex e-con e-child\" data-id=\"68cc64ca\" data-element_type=\"container\" data-e-type=\"container\">\n\t\t\t\t<div class=\"elementor-element elementor-element-56f974d6 elementor-widget elementor-widget-heading\" data-id=\"56f974d6\" data-element_type=\"widget\" data-e-type=\"widget\" data-widget_type=\"heading.default\">\n\t\t\t\t<div class=\"elementor-widget-container\">\n\t\t\t\t\t<h3 class=\"elementor-heading-title elementor-size-default\">Why should you choose  Us?<\/h3>\t\t\t\t<\/div>\n\t\t\t\t<\/div>\n\t\t\t\t<div class=\"elementor-element elementor-element-afa22c3 elementor-widget elementor-widget-text-editor\" data-id=\"afa22c3\" data-element_type=\"widget\" data-e-type=\"widget\" data-widget_type=\"text-editor.default\">\n\t\t\t\t<div class=\"elementor-widget-container\">\n\t\t\t\t\t\t\t\t\t<div class=\"checklist body-color\"><ul><li><h4><i class=\"fas fa-check-circle\"><\/i>Best Prices<\/h4><\/li><li><h4><i class=\"fas fa-check-circle\"><\/i>Excellence<\/h4><\/li><li><h4><i class=\"fas fa-check-circle\"><\/i>Correctly<\/h4><\/li><li><h4><i class=\"fas fa-check-circle\"><\/i> Innovation<\/h4><\/li><li><h4><i class=\"fas fa-check-circle\"><\/i>Professional Service<\/h4><\/li><\/ul><\/div>\t\t\t\t\t\t\t\t<\/div>\n\t\t\t\t<\/div>\n\t\t\t\t<\/div>\n\t\t\t\t<\/div>\n\t\t<div class=\"elementor-element elementor-element-4b03355b e-con-full e-flex e-con e-child\" data-id=\"4b03355b\" data-element_type=\"container\" data-e-type=\"container\">\n\t\t\t\t<div class=\"elementor-element elementor-element-33b576d5 elementor-widget elementor-widget-image\" data-id=\"33b576d5\" data-element_type=\"widget\" data-e-type=\"widget\" data-widget_type=\"image.default\">\n\t\t\t\t<div class=\"elementor-widget-container\">\n\t\t\t\t\t\t\t\t\t\t\t\t\t\t\t<img fetchpriority=\"high\" decoding=\"async\" width=\"640\" height=\"360\" src=\"https:\/\/web-designer.al\/wp-content\/uploads\/2024\/03\/Shtim-Followers.png\" class=\"attachment-full size-full wp-image-2734\" alt=\"Shtim Followers\" srcset=\"https:\/\/web-designer.al\/wp-content\/uploads\/2024\/03\/Shtim-Followers.png 640w, https:\/\/web-designer.al\/wp-content\/uploads\/2024\/03\/Shtim-Followers-300x169.png 300w, https:\/\/web-designer.al\/wp-content\/uploads\/2024\/03\/Shtim-Followers-600x338.png 600w\" sizes=\"(max-width: 640px) 100vw, 640px\" \/>\t\t\t\t\t\t\t\t\t\t\t\t\t\t\t<\/div>\n\t\t\t\t<\/div>\n\t\t\t\t<div class=\"elementor-element elementor-element-7ae2cae0 elementor-widget elementor-widget-heading\" data-id=\"7ae2cae0\" data-element_type=\"widget\" data-e-type=\"widget\" data-widget_type=\"heading.default\">\n\t\t\t\t<div class=\"elementor-widget-container\">\n\t\t\t\t\t<h2 class=\"elementor-heading-title elementor-size-default\">Add followers on Instagram \/ Tik Tok \/ Youtube etc...<\/h2>\t\t\t\t<\/div>\n\t\t\t\t<\/div>\n\t\t\t\t<div class=\"elementor-element elementor-element-228f8943 elementor-widget elementor-widget-text-editor\" data-id=\"228f8943\" data-element_type=\"widget\" data-e-type=\"widget\" data-widget_type=\"text-editor.default\">\n\t\t\t\t<div class=\"elementor-widget-container\">\n\t\t\t\t\t\t\t\t\t<p>Gaining followers on social networks can be difficult - and it is becoming more and more difficult every day, so we offer you flexible packages to increase followers on your profiles.<\/p>\t\t\t\t\t\t\t\t<\/div>\n\t\t\t\t<\/div>\n\t\t\t\t<div class=\"elementor-element elementor-element-68ff8698 elementor-widget elementor-widget-text-editor\" data-id=\"68ff8698\" data-element_type=\"widget\" data-e-type=\"widget\" data-widget_type=\"text-editor.default\">\n\t\t\t\t<div class=\"elementor-widget-container\">\n\t\t\t\t\t\t\t\t\t<h5>Instagram Followers:\u00a0<\/h5><p>Different packages<\/p><p>10K Followers 50\u0404 \/ 20K Followers 90\u0404 \/ 30K Followers 120\u0404 etc...<\/p>\t\t\t\t\t\t\t\t<\/div>\n\t\t\t\t<\/div>\n\t\t\t\t<div class=\"elementor-element elementor-element-592235ff elementor-widget elementor-widget-text-editor\" data-id=\"592235ff\" data-element_type=\"widget\" data-e-type=\"widget\" data-widget_type=\"text-editor.default\">\n\t\t\t\t<div class=\"elementor-widget-container\">\n\t\t\t\t\t\t\t\t\t<h5>Tik Tik Followers:\u00a0<\/h5><p>Different packages<\/p><p>10K Followers 50\u0404 \/ 20K Followers 90\u0404 \/ 30K Followers 120\u0404 etc...<\/p>\t\t\t\t\t\t\t\t<\/div>\n\t\t\t\t<\/div>\n\t\t\t\t<\/div>\n\t\t\t\t\t<\/div>\n\t\t\t\t<\/div>\n\t\t\t\t<\/div>","protected":false},"excerpt":{"rendered":"<p>Shtim Followers Followers \/ Like \/ Views Sherbimet Krijim Website Marketing Online Shtim Followers Website Host Njoftime Push Up Google &#8211; Fb &#8211; Insta ADS Perse te bashk\u00ebpunoni me ne? \u00c7mime Konkuruese Cilesi Korrektesi Inovacion Sherbim Profesional Shtim Followers ne Instagram \/ Tik Tok \/ Youtube etc&#8230; Fitimi i ndjek\u00ebsve n\u00eb rrjetet sociale mund t\u00eb&#8230;<\/p>","protected":false},"author":1,"featured_media":2734,"parent":0,"menu_order":0,"comment_status":"closed","ping_status":"closed","template":"","meta":{"footnotes":""},"class_list":["post-2733","page","type-page","status-publish","has-post-thumbnail","hentry"],"yoast_head":"<!-- This site is optimized with the Yoast SEO plugin v27.3 - https:\/\/yoast.com\/product\/yoast-seo-wordpress\/ -->\n<title>Shtim Followers - Faqe Website - Ndertim Website<\/title>\n<meta name=\"description\" content=\"ofrojme shtimin e followers ne te gjitha rretet sociale si: Instagram, Facebook, Youtube, TikTok etc...\" \/>\n<meta name=\"robots\" content=\"index, follow, max-snippet:-1, max-image-preview:large, max-video-preview:-1\" \/>\n<link rel=\"canonical\" href=\"https:\/\/web-designer.al\/en\/shtim-followers\/\" \/>\n<meta property=\"og:locale\" content=\"en_US\" \/>\n<meta property=\"og:type\" content=\"article\" \/>\n<meta property=\"og:title\" content=\"Shtim Followers - Faqe Website - Ndertim Website\" \/>\n<meta property=\"og:description\" content=\"ofrojme shtimin e followers ne te gjitha rretet sociale si: Instagram, Facebook, Youtube, TikTok etc...\" \/>\n<meta property=\"og:url\" content=\"https:\/\/web-designer.al\/en\/shtim-followers\/\" \/>\n<meta property=\"og:site_name\" content=\"Faqe Website - Ndertim Website\" \/>\n<meta property=\"article:publisher\" content=\"https:\/\/www.facebook.com\/profile.php?id=61556698542677&amp;mibextid=uzlsIk\" \/>\n<meta property=\"article:modified_time\" content=\"2024-11-06T21:07:05+00:00\" \/>\n<meta property=\"og:image\" content=\"http:\/\/web-designer.al\/wp-content\/uploads\/2024\/03\/Shtim-Followers.png\" \/>\n\t<meta property=\"og:image:width\" content=\"640\" \/>\n\t<meta property=\"og:image:height\" content=\"360\" \/>\n\t<meta property=\"og:image:type\" content=\"image\/png\" \/>\n<meta name=\"twitter:card\" content=\"summary_large_image\" \/>\n<meta name=\"twitter:label1\" content=\"Est. reading time\" \/>\n\t<meta name=\"twitter:data1\" content=\"1 minute\" \/>\n<script type=\"application\/ld+json\" class=\"yoast-schema-graph\">{\"@context\":\"https:\\\/\\\/schema.org\",\"@graph\":[{\"@type\":\"WebPage\",\"@id\":\"https:\\\/\\\/web-designer.al\\\/shtim-followers\\\/\",\"url\":\"https:\\\/\\\/web-designer.al\\\/shtim-followers\\\/\",\"name\":\"Shtim Followers - Faqe Website - Ndertim Website\",\"isPartOf\":{\"@id\":\"http:\\\/\\\/web-designer.al\\\/#website\"},\"primaryImageOfPage\":{\"@id\":\"https:\\\/\\\/web-designer.al\\\/shtim-followers\\\/#primaryimage\"},\"image\":{\"@id\":\"https:\\\/\\\/web-designer.al\\\/shtim-followers\\\/#primaryimage\"},\"thumbnailUrl\":\"https:\\\/\\\/web-designer.al\\\/wp-content\\\/uploads\\\/2024\\\/03\\\/Shtim-Followers.png\",\"datePublished\":\"2024-03-03T10:46:20+00:00\",\"dateModified\":\"2024-11-06T21:07:05+00:00\",\"description\":\"ofrojme shtimin e followers ne te gjitha rretet sociale si: Instagram, Facebook, Youtube, TikTok etc...\",\"breadcrumb\":{\"@id\":\"https:\\\/\\\/web-designer.al\\\/shtim-followers\\\/#breadcrumb\"},\"inLanguage\":\"en-US\",\"potentialAction\":[{\"@type\":\"ReadAction\",\"target\":[\"https:\\\/\\\/web-designer.al\\\/shtim-followers\\\/\"]}]},{\"@type\":\"ImageObject\",\"inLanguage\":\"en-US\",\"@id\":\"https:\\\/\\\/web-designer.al\\\/shtim-followers\\\/#primaryimage\",\"url\":\"https:\\\/\\\/web-designer.al\\\/wp-content\\\/uploads\\\/2024\\\/03\\\/Shtim-Followers.png\",\"contentUrl\":\"https:\\\/\\\/web-designer.al\\\/wp-content\\\/uploads\\\/2024\\\/03\\\/Shtim-Followers.png\",\"width\":640,\"height\":360,\"caption\":\"Shtim Followers\"},{\"@type\":\"BreadcrumbList\",\"@id\":\"https:\\\/\\\/web-designer.al\\\/shtim-followers\\\/#breadcrumb\",\"itemListElement\":[{\"@type\":\"ListItem\",\"position\":1,\"name\":\"Home\",\"item\":\"https:\\\/\\\/web-designer.al\\\/\"},{\"@type\":\"ListItem\",\"position\":2,\"name\":\"Shtim Followers\"}]},{\"@type\":\"WebSite\",\"@id\":\"http:\\\/\\\/web-designer.al\\\/#website\",\"url\":\"http:\\\/\\\/web-designer.al\\\/\",\"name\":\"Faqe Website - Ndertim Website\",\"description\":\"Faqe Website - Ndertim Website ne Shqiperi\",\"publisher\":{\"@id\":\"http:\\\/\\\/web-designer.al\\\/#organization\"},\"potentialAction\":[{\"@type\":\"SearchAction\",\"target\":{\"@type\":\"EntryPoint\",\"urlTemplate\":\"http:\\\/\\\/web-designer.al\\\/?s={search_term_string}\"},\"query-input\":{\"@type\":\"PropertyValueSpecification\",\"valueRequired\":true,\"valueName\":\"search_term_string\"}}],\"inLanguage\":\"en-US\"},{\"@type\":\"Organization\",\"@id\":\"http:\\\/\\\/web-designer.al\\\/#organization\",\"name\":\"Faqe Website - Ndertim Website\",\"url\":\"http:\\\/\\\/web-designer.al\\\/\",\"logo\":{\"@type\":\"ImageObject\",\"inLanguage\":\"en-US\",\"@id\":\"http:\\\/\\\/web-designer.al\\\/#\\\/schema\\\/logo\\\/image\\\/\",\"url\":\"https:\\\/\\\/web-designer.al\\\/wp-content\\\/uploads\\\/2023\\\/12\\\/WhatsApp_Image_2024-07-13_at_20.35.56-removebg-preview-1.png\",\"contentUrl\":\"https:\\\/\\\/web-designer.al\\\/wp-content\\\/uploads\\\/2023\\\/12\\\/WhatsApp_Image_2024-07-13_at_20.35.56-removebg-preview-1.png\",\"width\":150,\"height\":80,\"caption\":\"Faqe Website - Ndertim Website\"},\"image\":{\"@id\":\"http:\\\/\\\/web-designer.al\\\/#\\\/schema\\\/logo\\\/image\\\/\"},\"sameAs\":[\"https:\\\/\\\/www.facebook.com\\\/profile.php?id=61556698542677&mibextid=uzlsIk\"]}]}<\/script>\n<!-- \/ Yoast SEO plugin. -->","yoast_head_json":{"title":"Shtim Followers - Faqe Website - Ndertim Website","description":"ofrojme shtimin e followers ne te gjitha rretet sociale si: Instagram, Facebook, Youtube, TikTok etc...","robots":{"index":"index","follow":"follow","max-snippet":"max-snippet:-1","max-image-preview":"max-image-preview:large","max-video-preview":"max-video-preview:-1"},"canonical":"https:\/\/web-designer.al\/en\/shtim-followers\/","og_locale":"en_US","og_type":"article","og_title":"Shtim Followers - Faqe Website - Ndertim Website","og_description":"ofrojme shtimin e followers ne te gjitha rretet sociale si: Instagram, Facebook, Youtube, TikTok etc...","og_url":"https:\/\/web-designer.al\/en\/shtim-followers\/","og_site_name":"Faqe Website - Ndertim Website","article_publisher":"https:\/\/www.facebook.com\/profile.php?id=61556698542677&mibextid=uzlsIk","article_modified_time":"2024-11-06T21:07:05+00:00","og_image":[{"width":640,"height":360,"url":"http:\/\/web-designer.al\/wp-content\/uploads\/2024\/03\/Shtim-Followers.png","type":"image\/png"}],"twitter_card":"summary_large_image","twitter_misc":{"Est. reading time":"1 minute"},"schema":{"@context":"https:\/\/schema.org","@graph":[{"@type":"WebPage","@id":"https:\/\/web-designer.al\/shtim-followers\/","url":"https:\/\/web-designer.al\/shtim-followers\/","name":"Shtim Followers - Faqe Website - Ndertim Website","isPartOf":{"@id":"http:\/\/web-designer.al\/#website"},"primaryImageOfPage":{"@id":"https:\/\/web-designer.al\/shtim-followers\/#primaryimage"},"image":{"@id":"https:\/\/web-designer.al\/shtim-followers\/#primaryimage"},"thumbnailUrl":"https:\/\/web-designer.al\/wp-content\/uploads\/2024\/03\/Shtim-Followers.png","datePublished":"2024-03-03T10:46:20+00:00","dateModified":"2024-11-06T21:07:05+00:00","description":"ofrojme shtimin e followers ne te gjitha rretet sociale si: Instagram, Facebook, Youtube, TikTok etc...","breadcrumb":{"@id":"https:\/\/web-designer.al\/shtim-followers\/#breadcrumb"},"inLanguage":"en-US","potentialAction":[{"@type":"ReadAction","target":["https:\/\/web-designer.al\/shtim-followers\/"]}]},{"@type":"ImageObject","inLanguage":"en-US","@id":"https:\/\/web-designer.al\/shtim-followers\/#primaryimage","url":"https:\/\/web-designer.al\/wp-content\/uploads\/2024\/03\/Shtim-Followers.png","contentUrl":"https:\/\/web-designer.al\/wp-content\/uploads\/2024\/03\/Shtim-Followers.png","width":640,"height":360,"caption":"Shtim Followers"},{"@type":"BreadcrumbList","@id":"https:\/\/web-designer.al\/shtim-followers\/#breadcrumb","itemListElement":[{"@type":"ListItem","position":1,"name":"Home","item":"https:\/\/web-designer.al\/"},{"@type":"ListItem","position":2,"name":"Shtim Followers"}]},{"@type":"WebSite","@id":"http:\/\/web-designer.al\/#website","url":"http:\/\/web-designer.al\/","name":"Faqe Website - Ndertim Website","description":"Faqe Website - Ndertim Website ne Shqiperi","publisher":{"@id":"http:\/\/web-designer.al\/#organization"},"potentialAction":[{"@type":"SearchAction","target":{"@type":"EntryPoint","urlTemplate":"http:\/\/web-designer.al\/?s={search_term_string}"},"query-input":{"@type":"PropertyValueSpecification","valueRequired":true,"valueName":"search_term_string"}}],"inLanguage":"en-US"},{"@type":"Organization","@id":"http:\/\/web-designer.al\/#organization","name":"Faqe Website - Ndertim Website","url":"http:\/\/web-designer.al\/","logo":{"@type":"ImageObject","inLanguage":"en-US","@id":"http:\/\/web-designer.al\/#\/schema\/logo\/image\/","url":"https:\/\/web-designer.al\/wp-content\/uploads\/2023\/12\/WhatsApp_Image_2024-07-13_at_20.35.56-removebg-preview-1.png","contentUrl":"https:\/\/web-designer.al\/wp-content\/uploads\/2023\/12\/WhatsApp_Image_2024-07-13_at_20.35.56-removebg-preview-1.png","width":150,"height":80,"caption":"Faqe Website - Ndertim Website"},"image":{"@id":"http:\/\/web-designer.al\/#\/schema\/logo\/image\/"},"sameAs":["https:\/\/www.facebook.com\/profile.php?id=61556698542677&mibextid=uzlsIk"]}]}},"_links":{"self":[{"href":"https:\/\/web-designer.al\/en\/wp-json\/wp\/v2\/pages\/2733","targetHints":{"allow":["GET"]}}],"collection":[{"href":"https:\/\/web-designer.al\/en\/wp-json\/wp\/v2\/pages"}],"about":[{"href":"https:\/\/web-designer.al\/en\/wp-json\/wp\/v2\/types\/page"}],"author":[{"embeddable":true,"href":"https:\/\/web-designer.al\/en\/wp-json\/wp\/v2\/users\/1"}],"replies":[{"embeddable":true,"href":"https:\/\/web-designer.al\/en\/wp-json\/wp\/v2\/comments?post=2733"}],"version-history":[{"count":37,"href":"https:\/\/web-designer.al\/en\/wp-json\/wp\/v2\/pages\/2733\/revisions"}],"predecessor-version":[{"id":3636,"href":"https:\/\/web-designer.al\/en\/wp-json\/wp\/v2\/pages\/2733\/revisions\/3636"}],"wp:featuredmedia":[{"embeddable":true,"href":"https:\/\/web-designer.al\/en\/wp-json\/wp\/v2\/media\/2734"}],"wp:attachment":[{"href":"https:\/\/web-designer.al\/en\/wp-json\/wp\/v2\/media?parent=2733"}],"curies":[{"name":"wp","href":"https:\/\/api.w.org\/{rel}","templated":true}]}}