{"id":2749,"date":"2024-03-03T11:06:05","date_gmt":"2024-03-03T11:06:05","guid":{"rendered":"http:\/\/web-designer.al\/?page_id=2749"},"modified":"2024-11-06T21:04:30","modified_gmt":"2024-11-06T21:04:30","slug":"google-fb-insta-ads","status":"publish","type":"page","link":"https:\/\/web-designer.al\/en\/google-fb-insta-ads\/","title":{"rendered":"Google -Fb &#8211; Insta ADS"},"content":{"rendered":"<div data-elementor-type=\"wp-page\" data-elementor-id=\"2749\" class=\"elementor elementor-2749\" data-elementor-post-type=\"page\">\n\t\t\t\t<div class=\"elementor-element elementor-element-438a132 e-flex e-con-boxed e-con e-parent\" data-id=\"438a132\" data-element_type=\"container\" data-e-type=\"container\">\n\t\t\t\t\t<div class=\"e-con-inner\">\n\t\t\r\n\t\t<div class=\"elementor-element elementor-element-f1b171f elementor-widget__width-initial elementor-widget-tablet__width-inherit elementor-widget elementor-widget-mediaxsectiontitle\" data-id=\"f1b171f\" data-element_type=\"widget\" data-e-type=\"widget\" data-widget_type=\"mediaxsectiontitle.default\">\n\t\t\t\t<div class=\"elementor-widget-container\">\n\t\t\t\t\t\t\t<div class=\"title-area text-center\">\r\n\t\t\t<h2 class=\"sec-title\">Marketing Campaign<\/h2>\t\t<\/div>\r\n\r\n\t\t\t\t\t<\/div>\n\t\t\t\t<\/div>\n\t\t\t\t<div class=\"elementor-element elementor-element-057838f elementor-widget__width-initial elementor-widget-tablet__width-inherit elementor-widget elementor-widget-mediaxsectiontitle\" data-id=\"057838f\" data-element_type=\"widget\" data-e-type=\"widget\" data-widget_type=\"mediaxsectiontitle.default\">\n\t\t\t\t<div class=\"elementor-widget-container\">\n\t\t\t\t\t\t\t<div class=\"title-area text-center\">\r\n\t\t\t<h2 class=\"sec-title\">Facebook \/ Instagram \/ Google<\/h2>\t\t<\/div>\r\n\r\n\t\t\t\t\t<\/div>\n\t\t\t\t<\/div>\n\t\t\t\t\t<\/div>\n\t\t\t\t<\/div>\n\t\t<div class=\"elementor-element elementor-element-5b2a94ea e-flex e-con-boxed e-con e-parent\" data-id=\"5b2a94ea\" data-element_type=\"container\" data-e-type=\"container\">\n\t\t\t\t\t<div class=\"e-con-inner\">\n\t\t<div class=\"elementor-element elementor-element-3902101a e-con-full sidebar-area e-flex e-con e-child\" data-id=\"3902101a\" data-element_type=\"container\" data-e-type=\"container\">\n\t\t<div class=\"elementor-element elementor-element-4de594c1 e-con-full e-flex e-con e-child\" data-id=\"4de594c1\" data-element_type=\"container\" data-e-type=\"container\">\n\t\t\t\t<div class=\"elementor-element elementor-element-ba6af58 elementor-widget elementor-widget-mediaxservicelist\" data-id=\"ba6af58\" data-element_type=\"widget\" data-e-type=\"widget\" data-widget_type=\"mediaxservicelist.default\">\n\t\t\t\t<div class=\"elementor-widget-container\">\n\t\t\t\t\t<div class=\"widget widget_categories\"><h3 class=\"widget_title\">Our Service<\/h3><ul><li><a href=\"http:\/\/web-designer.al\/en\/krijim-website\/\">Website Build<\/a><\/li><li><a href=\"http:\/\/web-designer.al\/en\/reklamim-biznesi\/\">Online Marketing<\/a><\/li><li><a href=\"http:\/\/web-designer.al\/en\/shtim-followers\/\">Add Followers<\/a><\/li><li><a href=\"http:\/\/web-designer.al\/en\/website-host\/\">Website Host<\/a><\/li><li><a href=\"http:\/\/web-designer.al\/en\/njoftime-push-up\/\">Push Up Notifications<\/a><\/li><li><a href=\"http:\/\/web-designer.al\/en\/google-fb-insta-ads\/\">Google -Fb \u2013 Insta ADS<\/a><\/li><\/ul><\/div>\t\t\t\t<\/div>\n\t\t\t\t<\/div>\n\t\t\t\t<\/div>\n\t\t<div class=\"elementor-element elementor-element-4eb21846 e-con-full e-flex e-con e-child\" data-id=\"4eb21846\" data-element_type=\"container\" data-e-type=\"container\">\n\t\t\t\t<div class=\"elementor-element elementor-element-734eff13 elementor-widget elementor-widget-heading\" data-id=\"734eff13\" data-element_type=\"widget\" data-e-type=\"widget\" data-widget_type=\"heading.default\">\n\t\t\t\t<div class=\"elementor-widget-container\">\n\t\t\t\t\t<h3 class=\"elementor-heading-title elementor-size-default\">Why should you choose  Us?<\/h3>\t\t\t\t<\/div>\n\t\t\t\t<\/div>\n\t\t\t\t<div class=\"elementor-element elementor-element-790f6b26 elementor-widget elementor-widget-text-editor\" data-id=\"790f6b26\" data-element_type=\"widget\" data-e-type=\"widget\" data-widget_type=\"text-editor.default\">\n\t\t\t\t<div class=\"elementor-widget-container\">\n\t\t\t\t\t\t\t\t\t<div class=\"checklist body-color\"><ul><li><h6>Increase brand awareness<\/h6><\/li><li><h6>Generate leads and sales<\/h6><\/li><li><h6>Grow your brand's audience<\/h6><\/li><li><h6>Fostering community engagement<\/h6><\/li><li><h6>Drive traffic to your site\u00a0<\/h6><\/li><\/ul><\/div>\t\t\t\t\t\t\t\t<\/div>\n\t\t\t\t<\/div>\n\t\t\t\t<\/div>\n\t\t\t\t<\/div>\n\t\t<div class=\"elementor-element elementor-element-292e5d68 e-con-full e-flex e-con e-child\" data-id=\"292e5d68\" data-element_type=\"container\" data-e-type=\"container\">\n\t\t\t\t<div class=\"elementor-element elementor-element-4093f9c7 elementor-widget elementor-widget-image\" data-id=\"4093f9c7\" data-element_type=\"widget\" data-e-type=\"widget\" data-widget_type=\"image.default\">\n\t\t\t\t<div class=\"elementor-widget-container\">\n\t\t\t\t\t\t\t\t\t\t\t\t\t\t\t<img fetchpriority=\"high\" decoding=\"async\" width=\"740\" height=\"325\" src=\"https:\/\/web-designer.al\/wp-content\/uploads\/2024\/03\/Google-Fb-Insta-ADS.png\" class=\"attachment-full size-full wp-image-2750\" alt=\"Google -Fb - Insta ADS\" srcset=\"https:\/\/web-designer.al\/wp-content\/uploads\/2024\/03\/Google-Fb-Insta-ADS.png 740w, https:\/\/web-designer.al\/wp-content\/uploads\/2024\/03\/Google-Fb-Insta-ADS-300x132.png 300w, https:\/\/web-designer.al\/wp-content\/uploads\/2024\/03\/Google-Fb-Insta-ADS-600x264.png 600w\" sizes=\"(max-width: 740px) 100vw, 740px\" \/>\t\t\t\t\t\t\t\t\t\t\t\t\t\t\t<\/div>\n\t\t\t\t<\/div>\n\t\t\t\t<div class=\"elementor-element elementor-element-610909d9 elementor-widget elementor-widget-heading\" data-id=\"610909d9\" data-element_type=\"widget\" data-e-type=\"widget\" data-widget_type=\"heading.default\">\n\t\t\t\t<div class=\"elementor-widget-container\">\n\t\t\t\t\t<h2 class=\"elementor-heading-title elementor-size-default\">What is social media marketing?\u00a0<\/h2>\t\t\t\t<\/div>\n\t\t\t\t<\/div>\n\t\t\t\t<div class=\"elementor-element elementor-element-23aaf32b elementor-widget elementor-widget-text-editor\" data-id=\"23aaf32b\" data-element_type=\"widget\" data-e-type=\"widget\" data-widget_type=\"text-editor.default\">\n\t\t\t\t<div class=\"elementor-widget-container\">\n\t\t\t\t\t\t\t\t\t<p>Social media marketing means using social media platforms\u00a0<strong>such as Instagram, Google and Facebook<\/strong>\u00a0to promote your brand and sell your product or service.\u00a0<\/p>\t\t\t\t\t\t\t\t<\/div>\n\t\t\t\t<\/div>\n\t\t\t\t<div class=\"elementor-element elementor-element-c083527 elementor-widget elementor-widget-text-editor\" data-id=\"c083527\" data-element_type=\"widget\" data-e-type=\"widget\" data-widget_type=\"text-editor.default\">\n\t\t\t\t<div class=\"elementor-widget-container\">\n\t\t\t\t\t\t\t\t\t<p class=\"elementor-heading-title elementor-size-default\"><strong>If your business comes out with a new item and you plan to promote the launch on social media<\/strong>, this is social media marketing.\u00a0<strong>If you interact with your customers through reviews,<\/strong>\u00a0, this is social media marketing.\u00a0<strong>And if you create engaging content that showcases your brand's values \u200b\u200band story,\u00a0<\/strong>this is also social media marketing.\u00a0<\/p>\t\t\t\t\t\t\t\t<\/div>\n\t\t\t\t<\/div>\n\t\t\t\t<div class=\"elementor-element elementor-element-3d3cce5c elementor-widget elementor-widget-text-editor\" data-id=\"3d3cce5c\" data-element_type=\"widget\" data-e-type=\"widget\" data-widget_type=\"text-editor.default\">\n\t\t\t\t<div class=\"elementor-widget-container\">\n\t\t\t\t\t\t\t\t\t<p>Google is your friend. It can quench your curiosity, but also help your business. With a keyword research you can discover some very interesting areas that you can talk about or base your campaign on. Keywords indicate the questions your audience may be asking or the information they want to receive. Base the campaign on content you know people are interested in.<\/p>\t\t\t\t\t\t\t\t<\/div>\n\t\t\t\t<\/div>\n\t\t\t\t<\/div>\n\t\t\t\t\t<\/div>\n\t\t\t\t<\/div>\n\t\t<div class=\"elementor-element elementor-element-19fdb32 e-flex e-con-boxed e-con e-parent\" data-id=\"19fdb32\" data-element_type=\"container\" data-e-type=\"container\">\n\t\t\t\t\t<div class=\"e-con-inner\">\n\t\t\t\t<div class=\"elementor-element elementor-element-e15ac01 elementor-widget elementor-widget-mediaxcontactform\" data-id=\"e15ac01\" data-element_type=\"widget\" data-e-type=\"widget\" data-widget_type=\"mediaxcontactform.default\">\n\t\t\t\t<div class=\"elementor-widget-container\">\n\t\t\t\t\t<div class=\"faq-form\"><h3 class=\"sec-title mb-30 text-center title\">Get a Quote<\/h3>\n<div class=\"wpcf7 no-js\" id=\"wpcf7-f1877-o1\" lang=\"en-US\" dir=\"ltr\" data-wpcf7-id=\"1877\">\n<div class=\"screen-reader-response\"><p role=\"status\" aria-live=\"polite\" aria-atomic=\"true\"><\/p> <ul><\/ul><\/div>\n<form action=\"\/en\/wp-json\/wp\/v2\/pages\/2749#wpcf7-f1877-o1\" method=\"post\" class=\"wpcf7-form init\" aria-label=\"Contact form\" novalidate=\"novalidate\" data-status=\"init\" data-trp-original-action=\"\/en\/wp-json\/wp\/v2\/pages\/2749#wpcf7-f1877-o1\">\n<fieldset class=\"hidden-fields-container\"><input type=\"hidden\" name=\"_wpcf7\" value=\"1877\" \/><input type=\"hidden\" name=\"_wpcf7_version\" value=\"6.1.5\" \/><input type=\"hidden\" name=\"_wpcf7_locale\" value=\"en_US\" \/><input type=\"hidden\" name=\"_wpcf7_unit_tag\" value=\"wpcf7-f1877-o1\" \/><input type=\"hidden\" name=\"_wpcf7_container_post\" value=\"0\" \/><input type=\"hidden\" name=\"_wpcf7_posted_data_hash\" value=\"\" \/>\n<\/fieldset>\n<div class=\"row\">\n    <div class=\"form-group col-12\">\n<span class=\"wpcf7-form-control-wrap\" data-name=\"text-657\"><input size=\"40\" maxlength=\"400\" class=\"wpcf7-form-control wpcf7-text wpcf7-validates-as-required form-control\" aria-required=\"true\" aria-invalid=\"false\" placeholder=\"Your Name \/ Company\" value=\"\" type=\"text\" name=\"text-657\" \/><\/span>\n        <i class=\"fal fa-user\"><\/i>\n    <\/div>\n    <div class=\"form-group col-12\">\n<span class=\"wpcf7-form-control-wrap\" data-name=\"email-840\"><input size=\"40\" maxlength=\"400\" class=\"wpcf7-form-control wpcf7-email wpcf7-validates-as-required wpcf7-text wpcf7-validates-as-email form-control\" aria-required=\"true\" aria-invalid=\"false\" placeholder=\"Your e-mail\" value=\"\" type=\"email\" name=\"email-840\" \/><\/span>\n        <i class=\"fal fa-envelope\"><\/i>\n    <\/div>\n    <div class=\"form-group col-12\">\n<span class=\"wpcf7-form-control-wrap\" data-name=\"number-159\"><input class=\"wpcf7-form-control wpcf7-number wpcf7-validates-as-required wpcf7-validates-as-number form-control\" aria-required=\"true\" aria-invalid=\"false\" placeholder=\"Phone number\" value=\"\" type=\"number\" name=\"number-159\" \/><\/span>\n        <i class=\"fal fa-phone\"><\/i>\n    <\/div>\n    <div class=\"form-group col-12\">\n<span class=\"wpcf7-form-control-wrap\" data-name=\"menu-721\"><select class=\"wpcf7-form-control wpcf7-select wpcf7-validates-as-required form-select nice-select\" id=\"subject\" aria-required=\"true\" aria-invalid=\"false\" name=\"menu-721\"><option value=\"Zgjidhni Sherbimin\">Select Service<\/option><option value=\"Krijim Website\">Website Build<\/option><option value=\"Reklamim Online\">Online Marketing<\/option><option value=\"Njoftime Pune\">Job Announcements<\/option><option value=\"Shtim Followers\">Add Followers<\/option><option value=\"Hostim Website\">Website Host<\/option><option value=\"ADS \/ Google \/ Fb \/ Insta\">ADS \/ Google \/ Fb \/ Insta<\/option><option value=\"Njoftime Push Up\">Push Up Notifications<\/option><\/select><\/span>\n        <i class=\"fal fa-chevron-down\"><\/i>\n    <\/div>\n    <div class=\"form-group col-12\">\n<span class=\"wpcf7-form-control-wrap\" data-name=\"textarea-839\"><textarea cols=\"40\" rows=\"10\" maxlength=\"2000\" class=\"wpcf7-form-control wpcf7-textarea wpcf7-validates-as-required form-control\" id=\"message\" aria-required=\"true\" aria-invalid=\"false\" placeholder=\"Describe Your Request...\" name=\"textarea-839\"><\/textarea><\/span>\n        <i class=\"fal fa-pencil\"><\/i>\n    <\/div>\n    <div class=\"form-btn col-12\">\n        <button class=\"th-btn btn-fw\">Sent Request<\/button>\n    <\/div>\n<\/div>\n<p class=\"form-messages mb-0 mt-3\"><\/p><div class=\"wpcf7-response-output\" aria-hidden=\"true\"><\/div>\n<input type=\"hidden\" name=\"trp-form-language\" value=\"en\"\/><\/form>\n<\/div>\n<\/div>\t\t\t\t<\/div>\n\t\t\t\t<\/div>\n\t\t\t\t\t<\/div>\n\t\t\t\t<\/div>\n\t\t\t\t<\/div>","protected":false},"excerpt":{"rendered":"<p>Fushata Marketingu Facebook \/ Instagram \/ Google Sherbimet Krijim Website Marketing Online Shtim Followers Website Host Njoftime Push Up Google &#8211; Fb &#8211; Insta ADS Perse te bashk\u00ebpunoni me ne? Rritja e nd\u00ebrgjegj\u00ebsimit t\u00eb mark\u00ebs Gjeneroni drejtime dhe shitje Rritni audienc\u00ebn e mark\u00ebs suaj Nxitja e angazhimit t\u00eb komunitetit Drejtoni trafikun n\u00eb faqen tuaj\u00a0 \u00c7far\u00eb&#8230;<\/p>","protected":false},"author":1,"featured_media":2750,"parent":0,"menu_order":0,"comment_status":"closed","ping_status":"closed","template":"","meta":{"footnotes":""},"class_list":["post-2749","page","type-page","status-publish","has-post-thumbnail","hentry"],"yoast_head":"<!-- This site is optimized with the Yoast SEO plugin v27.3 - https:\/\/yoast.com\/product\/yoast-seo-wordpress\/ -->\n<title>Google -Fb - Insta ADS - Faqe Website - Ndertim Website<\/title>\n<meta name=\"description\" content=\"Krijojme fushata reklamimi ne google. Krijimin e fushatave dhe perzgjedhjen e fjaleve kyce per te patur rezultatet me te mira.\" \/>\n<meta name=\"robots\" content=\"index, follow, max-snippet:-1, max-image-preview:large, max-video-preview:-1\" \/>\n<link rel=\"canonical\" href=\"https:\/\/web-designer.al\/en\/google-fb-insta-ads\/\" \/>\n<meta property=\"og:locale\" content=\"en_US\" \/>\n<meta property=\"og:type\" content=\"article\" \/>\n<meta property=\"og:title\" content=\"Google -Fb - Insta ADS - Faqe Website - Ndertim Website\" \/>\n<meta property=\"og:description\" content=\"Krijojme fushata reklamimi ne google. Krijimin e fushatave dhe perzgjedhjen e fjaleve kyce per te patur rezultatet me te mira.\" \/>\n<meta property=\"og:url\" content=\"https:\/\/web-designer.al\/en\/google-fb-insta-ads\/\" \/>\n<meta property=\"og:site_name\" content=\"Faqe Website - Ndertim Website\" \/>\n<meta property=\"article:publisher\" content=\"https:\/\/www.facebook.com\/profile.php?id=61556698542677&amp;mibextid=uzlsIk\" \/>\n<meta property=\"article:modified_time\" content=\"2024-11-06T21:04:30+00:00\" \/>\n<meta property=\"og:image\" content=\"http:\/\/web-designer.al\/wp-content\/uploads\/2024\/03\/Google-Fb-Insta-ADS.png\" \/>\n\t<meta property=\"og:image:width\" content=\"740\" \/>\n\t<meta property=\"og:image:height\" content=\"325\" \/>\n\t<meta property=\"og:image:type\" content=\"image\/png\" \/>\n<meta name=\"twitter:card\" content=\"summary_large_image\" \/>\n<meta name=\"twitter:label1\" content=\"Est. reading time\" \/>\n\t<meta name=\"twitter:data1\" content=\"2 minutes\" \/>\n<script type=\"application\/ld+json\" class=\"yoast-schema-graph\">{\"@context\":\"https:\\\/\\\/schema.org\",\"@graph\":[{\"@type\":\"WebPage\",\"@id\":\"https:\\\/\\\/web-designer.al\\\/google-fb-insta-ads\\\/\",\"url\":\"https:\\\/\\\/web-designer.al\\\/google-fb-insta-ads\\\/\",\"name\":\"Google -Fb - Insta ADS - Faqe Website - Ndertim Website\",\"isPartOf\":{\"@id\":\"http:\\\/\\\/web-designer.al\\\/#website\"},\"primaryImageOfPage\":{\"@id\":\"https:\\\/\\\/web-designer.al\\\/google-fb-insta-ads\\\/#primaryimage\"},\"image\":{\"@id\":\"https:\\\/\\\/web-designer.al\\\/google-fb-insta-ads\\\/#primaryimage\"},\"thumbnailUrl\":\"https:\\\/\\\/web-designer.al\\\/wp-content\\\/uploads\\\/2024\\\/03\\\/Google-Fb-Insta-ADS.png\",\"datePublished\":\"2024-03-03T11:06:05+00:00\",\"dateModified\":\"2024-11-06T21:04:30+00:00\",\"description\":\"Krijojme fushata reklamimi ne google. Krijimin e fushatave dhe perzgjedhjen e fjaleve kyce per te patur rezultatet me te mira.\",\"breadcrumb\":{\"@id\":\"https:\\\/\\\/web-designer.al\\\/google-fb-insta-ads\\\/#breadcrumb\"},\"inLanguage\":\"en-US\",\"potentialAction\":[{\"@type\":\"ReadAction\",\"target\":[\"https:\\\/\\\/web-designer.al\\\/google-fb-insta-ads\\\/\"]}]},{\"@type\":\"ImageObject\",\"inLanguage\":\"en-US\",\"@id\":\"https:\\\/\\\/web-designer.al\\\/google-fb-insta-ads\\\/#primaryimage\",\"url\":\"https:\\\/\\\/web-designer.al\\\/wp-content\\\/uploads\\\/2024\\\/03\\\/Google-Fb-Insta-ADS.png\",\"contentUrl\":\"https:\\\/\\\/web-designer.al\\\/wp-content\\\/uploads\\\/2024\\\/03\\\/Google-Fb-Insta-ADS.png\",\"width\":740,\"height\":325,\"caption\":\"Google -Fb - Insta ADS\"},{\"@type\":\"BreadcrumbList\",\"@id\":\"https:\\\/\\\/web-designer.al\\\/google-fb-insta-ads\\\/#breadcrumb\",\"itemListElement\":[{\"@type\":\"ListItem\",\"position\":1,\"name\":\"Home\",\"item\":\"https:\\\/\\\/web-designer.al\\\/\"},{\"@type\":\"ListItem\",\"position\":2,\"name\":\"Google -Fb &#8211; Insta ADS\"}]},{\"@type\":\"WebSite\",\"@id\":\"http:\\\/\\\/web-designer.al\\\/#website\",\"url\":\"http:\\\/\\\/web-designer.al\\\/\",\"name\":\"Faqe Website - Ndertim Website\",\"description\":\"Faqe Website - Ndertim Website ne Shqiperi\",\"publisher\":{\"@id\":\"http:\\\/\\\/web-designer.al\\\/#organization\"},\"potentialAction\":[{\"@type\":\"SearchAction\",\"target\":{\"@type\":\"EntryPoint\",\"urlTemplate\":\"http:\\\/\\\/web-designer.al\\\/?s={search_term_string}\"},\"query-input\":{\"@type\":\"PropertyValueSpecification\",\"valueRequired\":true,\"valueName\":\"search_term_string\"}}],\"inLanguage\":\"en-US\"},{\"@type\":\"Organization\",\"@id\":\"http:\\\/\\\/web-designer.al\\\/#organization\",\"name\":\"Faqe Website - Ndertim Website\",\"url\":\"http:\\\/\\\/web-designer.al\\\/\",\"logo\":{\"@type\":\"ImageObject\",\"inLanguage\":\"en-US\",\"@id\":\"http:\\\/\\\/web-designer.al\\\/#\\\/schema\\\/logo\\\/image\\\/\",\"url\":\"https:\\\/\\\/web-designer.al\\\/wp-content\\\/uploads\\\/2023\\\/12\\\/WhatsApp_Image_2024-07-13_at_20.35.56-removebg-preview-1.png\",\"contentUrl\":\"https:\\\/\\\/web-designer.al\\\/wp-content\\\/uploads\\\/2023\\\/12\\\/WhatsApp_Image_2024-07-13_at_20.35.56-removebg-preview-1.png\",\"width\":150,\"height\":80,\"caption\":\"Faqe Website - Ndertim Website\"},\"image\":{\"@id\":\"http:\\\/\\\/web-designer.al\\\/#\\\/schema\\\/logo\\\/image\\\/\"},\"sameAs\":[\"https:\\\/\\\/www.facebook.com\\\/profile.php?id=61556698542677&mibextid=uzlsIk\"]}]}<\/script>\n<!-- \/ Yoast SEO plugin. -->","yoast_head_json":{"title":"Google -Fb - Insta ADS - Faqe Website - Ndertim Website","description":"Krijojme fushata reklamimi ne google. Krijimin e fushatave dhe perzgjedhjen e fjaleve kyce per te patur rezultatet me te mira.","robots":{"index":"index","follow":"follow","max-snippet":"max-snippet:-1","max-image-preview":"max-image-preview:large","max-video-preview":"max-video-preview:-1"},"canonical":"https:\/\/web-designer.al\/en\/google-fb-insta-ads\/","og_locale":"en_US","og_type":"article","og_title":"Google -Fb - Insta ADS - Faqe Website - Ndertim Website","og_description":"Krijojme fushata reklamimi ne google. Krijimin e fushatave dhe perzgjedhjen e fjaleve kyce per te patur rezultatet me te mira.","og_url":"https:\/\/web-designer.al\/en\/google-fb-insta-ads\/","og_site_name":"Faqe Website - Ndertim Website","article_publisher":"https:\/\/www.facebook.com\/profile.php?id=61556698542677&mibextid=uzlsIk","article_modified_time":"2024-11-06T21:04:30+00:00","og_image":[{"width":740,"height":325,"url":"http:\/\/web-designer.al\/wp-content\/uploads\/2024\/03\/Google-Fb-Insta-ADS.png","type":"image\/png"}],"twitter_card":"summary_large_image","twitter_misc":{"Est. reading time":"2 minutes"},"schema":{"@context":"https:\/\/schema.org","@graph":[{"@type":"WebPage","@id":"https:\/\/web-designer.al\/google-fb-insta-ads\/","url":"https:\/\/web-designer.al\/google-fb-insta-ads\/","name":"Google -Fb - Insta ADS - Faqe Website - Ndertim Website","isPartOf":{"@id":"http:\/\/web-designer.al\/#website"},"primaryImageOfPage":{"@id":"https:\/\/web-designer.al\/google-fb-insta-ads\/#primaryimage"},"image":{"@id":"https:\/\/web-designer.al\/google-fb-insta-ads\/#primaryimage"},"thumbnailUrl":"https:\/\/web-designer.al\/wp-content\/uploads\/2024\/03\/Google-Fb-Insta-ADS.png","datePublished":"2024-03-03T11:06:05+00:00","dateModified":"2024-11-06T21:04:30+00:00","description":"Krijojme fushata reklamimi ne google. Krijimin e fushatave dhe perzgjedhjen e fjaleve kyce per te patur rezultatet me te mira.","breadcrumb":{"@id":"https:\/\/web-designer.al\/google-fb-insta-ads\/#breadcrumb"},"inLanguage":"en-US","potentialAction":[{"@type":"ReadAction","target":["https:\/\/web-designer.al\/google-fb-insta-ads\/"]}]},{"@type":"ImageObject","inLanguage":"en-US","@id":"https:\/\/web-designer.al\/google-fb-insta-ads\/#primaryimage","url":"https:\/\/web-designer.al\/wp-content\/uploads\/2024\/03\/Google-Fb-Insta-ADS.png","contentUrl":"https:\/\/web-designer.al\/wp-content\/uploads\/2024\/03\/Google-Fb-Insta-ADS.png","width":740,"height":325,"caption":"Google -Fb - Insta ADS"},{"@type":"BreadcrumbList","@id":"https:\/\/web-designer.al\/google-fb-insta-ads\/#breadcrumb","itemListElement":[{"@type":"ListItem","position":1,"name":"Home","item":"https:\/\/web-designer.al\/"},{"@type":"ListItem","position":2,"name":"Google -Fb &#8211; Insta ADS"}]},{"@type":"WebSite","@id":"http:\/\/web-designer.al\/#website","url":"http:\/\/web-designer.al\/","name":"Faqe Website - Ndertim Website","description":"Faqe Website - Ndertim Website ne Shqiperi","publisher":{"@id":"http:\/\/web-designer.al\/#organization"},"potentialAction":[{"@type":"SearchAction","target":{"@type":"EntryPoint","urlTemplate":"http:\/\/web-designer.al\/?s={search_term_string}"},"query-input":{"@type":"PropertyValueSpecification","valueRequired":true,"valueName":"search_term_string"}}],"inLanguage":"en-US"},{"@type":"Organization","@id":"http:\/\/web-designer.al\/#organization","name":"Faqe Website - Ndertim Website","url":"http:\/\/web-designer.al\/","logo":{"@type":"ImageObject","inLanguage":"en-US","@id":"http:\/\/web-designer.al\/#\/schema\/logo\/image\/","url":"https:\/\/web-designer.al\/wp-content\/uploads\/2023\/12\/WhatsApp_Image_2024-07-13_at_20.35.56-removebg-preview-1.png","contentUrl":"https:\/\/web-designer.al\/wp-content\/uploads\/2023\/12\/WhatsApp_Image_2024-07-13_at_20.35.56-removebg-preview-1.png","width":150,"height":80,"caption":"Faqe Website - Ndertim Website"},"image":{"@id":"http:\/\/web-designer.al\/#\/schema\/logo\/image\/"},"sameAs":["https:\/\/www.facebook.com\/profile.php?id=61556698542677&mibextid=uzlsIk"]}]}},"_links":{"self":[{"href":"https:\/\/web-designer.al\/en\/wp-json\/wp\/v2\/pages\/2749","targetHints":{"allow":["GET"]}}],"collection":[{"href":"https:\/\/web-designer.al\/en\/wp-json\/wp\/v2\/pages"}],"about":[{"href":"https:\/\/web-designer.al\/en\/wp-json\/wp\/v2\/types\/page"}],"author":[{"embeddable":true,"href":"https:\/\/web-designer.al\/en\/wp-json\/wp\/v2\/users\/1"}],"replies":[{"embeddable":true,"href":"https:\/\/web-designer.al\/en\/wp-json\/wp\/v2\/comments?post=2749"}],"version-history":[{"count":31,"href":"https:\/\/web-designer.al\/en\/wp-json\/wp\/v2\/pages\/2749\/revisions"}],"predecessor-version":[{"id":3627,"href":"https:\/\/web-designer.al\/en\/wp-json\/wp\/v2\/pages\/2749\/revisions\/3627"}],"wp:featuredmedia":[{"embeddable":true,"href":"https:\/\/web-designer.al\/en\/wp-json\/wp\/v2\/media\/2750"}],"wp:attachment":[{"href":"https:\/\/web-designer.al\/en\/wp-json\/wp\/v2\/media?parent=2749"}],"curies":[{"name":"wp","href":"https:\/\/api.w.org\/{rel}","templated":true}]}}