{"id":2760,"date":"2024-03-03T11:19:56","date_gmt":"2024-03-03T11:19:56","guid":{"rendered":"http:\/\/web-designer.al\/?page_id=2760"},"modified":"2024-11-06T21:05:44","modified_gmt":"2024-11-06T21:05:44","slug":"njoftime-push-up","status":"publish","type":"page","link":"https:\/\/web-designer.al\/en\/njoftime-push-up\/","title":{"rendered":"Push Up Notifications"},"content":{"rendered":"<div data-elementor-type=\"wp-page\" data-elementor-id=\"2760\" class=\"elementor elementor-2760\" data-elementor-post-type=\"page\">\n\t\t\t\t<div class=\"elementor-element elementor-element-71a836e e-flex e-con-boxed e-con e-parent\" data-id=\"71a836e\" data-element_type=\"container\" data-e-type=\"container\">\n\t\t\t\t\t<div class=\"e-con-inner\">\n\t\t\r\n\t\t<div class=\"elementor-element elementor-element-0ff8dc7 elementor-widget__width-initial elementor-widget-tablet__width-inherit elementor-widget elementor-widget-mediaxsectiontitle\" data-id=\"0ff8dc7\" data-element_type=\"widget\" data-e-type=\"widget\" data-widget_type=\"mediaxsectiontitle.default\">\n\t\t\t\t<div class=\"elementor-widget-container\">\n\t\t\t\t\t\t\t<div class=\"title-area text-center\">\r\n\t\t\t<h2 class=\"sec-title\">Pop Up Notifications<\/h2>\t\t<\/div>\r\n\r\n\t\t\t\t\t<\/div>\n\t\t\t\t<\/div>\n\t\t\t\t<div class=\"elementor-element elementor-element-fe3c9cd elementor-widget__width-initial elementor-widget-tablet__width-inherit elementor-widget elementor-widget-mediaxsectiontitle\" data-id=\"fe3c9cd\" data-element_type=\"widget\" data-e-type=\"widget\" data-widget_type=\"mediaxsectiontitle.default\">\n\t\t\t\t<div class=\"elementor-widget-container\">\n\t\t\t\t\t\t\t<div class=\"title-area text-center\">\r\n\t\t\t<h2 class=\"sec-title\">Mobile \/ Tablet \/ Desktop<\/h2>\t\t<\/div>\r\n\r\n\t\t\t\t\t<\/div>\n\t\t\t\t<\/div>\n\t\t\t\t\t<\/div>\n\t\t\t\t<\/div>\n\t\t<div class=\"elementor-element elementor-element-505c74c2 e-flex e-con-boxed e-con e-parent\" data-id=\"505c74c2\" data-element_type=\"container\" data-e-type=\"container\">\n\t\t\t\t\t<div class=\"e-con-inner\">\n\t\t<div class=\"elementor-element elementor-element-706a0453 e-con-full sidebar-area e-flex e-con e-child\" data-id=\"706a0453\" data-element_type=\"container\" data-e-type=\"container\">\n\t\t<div class=\"elementor-element elementor-element-5e9c27a4 e-con-full e-flex e-con e-child\" data-id=\"5e9c27a4\" data-element_type=\"container\" data-e-type=\"container\">\n\t\t\t\t<div class=\"elementor-element elementor-element-7af71e34 elementor-widget elementor-widget-mediaxservicelist\" data-id=\"7af71e34\" data-element_type=\"widget\" data-e-type=\"widget\" data-widget_type=\"mediaxservicelist.default\">\n\t\t\t\t<div class=\"elementor-widget-container\">\n\t\t\t\t\t<div class=\"widget widget_categories\"><h3 class=\"widget_title\">Our Service<\/h3><ul><li><a href=\"http:\/\/web-designer.al\/en\/krijim-website\/\">Website Build<\/a><\/li><li><a href=\"http:\/\/web-designer.al\/en\/reklamim-biznesi\/\">Online Marketing<\/a><\/li><li><a href=\"http:\/\/web-designer.al\/en\/shtim-followers\/\">Add Followers<\/a><\/li><li><a href=\"http:\/\/web-designer.al\/en\/website-host\/\">Website Host<\/a><\/li><li><a href=\"http:\/\/web-designer.al\/en\/njoftime-push-up\/\">Push Up Notifications<\/a><\/li><li><a href=\"http:\/\/web-designer.al\/en\/google-fb-insta-ads\/\">Google -Fb \u2013 Insta ADS<\/a><\/li><\/ul><\/div>\t\t\t\t<\/div>\n\t\t\t\t<\/div>\n\t\t\t\t<\/div>\n\t\t<div class=\"elementor-element elementor-element-78d6eda5 e-con-full e-flex e-con e-child\" data-id=\"78d6eda5\" data-element_type=\"container\" data-e-type=\"container\">\n\t\t\t\t<div class=\"elementor-element elementor-element-47a0c3c7 elementor-widget elementor-widget-heading\" data-id=\"47a0c3c7\" data-element_type=\"widget\" data-e-type=\"widget\" data-widget_type=\"heading.default\">\n\t\t\t\t<div class=\"elementor-widget-container\">\n\t\t\t\t\t<h3 class=\"elementor-heading-title elementor-size-default\">Why should you choose  Us?<\/h3>\t\t\t\t<\/div>\n\t\t\t\t<\/div>\n\t\t\t\t<div class=\"elementor-element elementor-element-4c69fe8 elementor-widget elementor-widget-text-editor\" data-id=\"4c69fe8\" data-element_type=\"widget\" data-e-type=\"widget\" data-widget_type=\"text-editor.default\">\n\t\t\t\t<div class=\"elementor-widget-container\">\n\t\t\t\t\t\t\t\t\t<div class=\"checklist body-color\"><ul><li><h4><i class=\"fas fa-check-circle\"><\/i>Best Prices<\/h4><\/li><li><h4><i class=\"fas fa-check-circle\"><\/i>Excellence<\/h4><\/li><li><h4><i class=\"fas fa-check-circle\"><\/i>Correctly<\/h4><\/li><li><h4><i class=\"fas fa-check-circle\"><\/i> Innovation<\/h4><\/li><li><h4><i class=\"fas fa-check-circle\"><\/i>Professional Service<\/h4><\/li><\/ul><\/div>\t\t\t\t\t\t\t\t<\/div>\n\t\t\t\t<\/div>\n\t\t\t\t<\/div>\n\t\t\t\t<\/div>\n\t\t<div class=\"elementor-element elementor-element-725e7341 e-con-full e-flex e-con e-child\" data-id=\"725e7341\" data-element_type=\"container\" data-e-type=\"container\">\n\t\t\t\t<div class=\"elementor-element elementor-element-57001fac elementor-widget elementor-widget-image\" data-id=\"57001fac\" data-element_type=\"widget\" data-e-type=\"widget\" data-widget_type=\"image.default\">\n\t\t\t\t<div class=\"elementor-widget-container\">\n\t\t\t\t\t\t\t\t\t\t\t\t\t\t\t<img fetchpriority=\"high\" decoding=\"async\" width=\"740\" height=\"444\" src=\"https:\/\/web-designer.al\/wp-content\/uploads\/2024\/03\/Njoftime-Push-Up.jpg\" class=\"attachment-full size-full wp-image-2761\" alt=\"\" srcset=\"https:\/\/web-designer.al\/wp-content\/uploads\/2024\/03\/Njoftime-Push-Up.jpg 740w, https:\/\/web-designer.al\/wp-content\/uploads\/2024\/03\/Njoftime-Push-Up-300x180.jpg 300w, https:\/\/web-designer.al\/wp-content\/uploads\/2024\/03\/Njoftime-Push-Up-600x360.jpg 600w\" sizes=\"(max-width: 740px) 100vw, 740px\" \/>\t\t\t\t\t\t\t\t\t\t\t\t\t\t\t<\/div>\n\t\t\t\t<\/div>\n\t\t\t\t<div class=\"elementor-element elementor-element-37c936ee elementor-widget elementor-widget-heading\" data-id=\"37c936ee\" data-element_type=\"widget\" data-e-type=\"widget\" data-widget_type=\"heading.default\">\n\t\t\t\t<div class=\"elementor-widget-container\">\n\t\t\t\t\t<h2 class=\"elementor-heading-title elementor-size-default\">What is a Push Up Notification?<\/h2>\t\t\t\t<\/div>\n\t\t\t\t<\/div>\n\t\t\t\t<div class=\"elementor-element elementor-element-52676377 elementor-widget elementor-widget-text-editor\" data-id=\"52676377\" data-element_type=\"widget\" data-e-type=\"widget\" data-widget_type=\"text-editor.default\">\n\t\t\t\t<div class=\"elementor-widget-container\">\n\t\t\t\t\t\t\t\t\t<h6><strong>Pop Up Notifications are a communication channel built into every mobile device sold today.<\/strong><\/h6><p>These small pop-up messages are sent to users' devices from a mobile app and can be viewed from the device's lock screen when an app is not currently in use. Unlike other communication channels like email, push notifications are designed to be seen in real time and often trigger immediate engagement. They can be used to convey reminders, updates, promotions and more.<\/p><p>While mobile push notifications are sent to smartphone users via a mobile app, web push notifications are sent via a web browser from a website to the user's desktop or mobile device.<\/p>\t\t\t\t\t\t\t\t<\/div>\n\t\t\t\t<\/div>\n\t\t\t\t<div class=\"elementor-element elementor-element-7b2289a5 elementor-widget elementor-widget-text-editor\" data-id=\"7b2289a5\" data-element_type=\"widget\" data-e-type=\"widget\" data-widget_type=\"text-editor.default\">\n\t\t\t\t<div class=\"elementor-widget-container\">\n\t\t\t\t\t\t\t\t\t<p>While mobile push notifications are sent to smartphone users via a mobile app, web push notifications are sent via a web browser from a website to the user's desktop or mobile device.<\/p><p>To better understand how notifications look on popular devices, create your own notification using our push notification viewer.<\/p>\t\t\t\t\t\t\t\t<\/div>\n\t\t\t\t<\/div>\n\t\t\t\t<\/div>\n\t\t\t\t\t<\/div>\n\t\t\t\t<\/div>\n\t\t<div class=\"elementor-element elementor-element-d842b2b e-flex e-con-boxed e-con e-parent\" data-id=\"d842b2b\" data-element_type=\"container\" data-e-type=\"container\">\n\t\t\t\t\t<div class=\"e-con-inner\">\n\t\t\t\t<div class=\"elementor-element elementor-element-392b742 elementor-widget elementor-widget-mediaxcontactform\" data-id=\"392b742\" data-element_type=\"widget\" data-e-type=\"widget\" data-widget_type=\"mediaxcontactform.default\">\n\t\t\t\t<div class=\"elementor-widget-container\">\n\t\t\t\t\t<div class=\"faq-form\"><h3 class=\"sec-title mb-30 text-center title\">Contact Us<\/h3>\n<div class=\"wpcf7 no-js\" id=\"wpcf7-f1640-o1\" lang=\"en-US\" dir=\"ltr\" data-wpcf7-id=\"1640\">\n<div class=\"screen-reader-response\"><p role=\"status\" aria-live=\"polite\" aria-atomic=\"true\"><\/p> <ul><\/ul><\/div>\n<form action=\"\/en\/wp-json\/wp\/v2\/pages\/2760#wpcf7-f1640-o1\" method=\"post\" class=\"wpcf7-form init\" aria-label=\"Contact form\" novalidate=\"novalidate\" data-status=\"init\" data-trp-original-action=\"\/en\/wp-json\/wp\/v2\/pages\/2760#wpcf7-f1640-o1\">\n<fieldset class=\"hidden-fields-container\"><input type=\"hidden\" name=\"_wpcf7\" value=\"1640\" \/><input type=\"hidden\" name=\"_wpcf7_version\" value=\"6.1.5\" \/><input type=\"hidden\" name=\"_wpcf7_locale\" value=\"en_US\" \/><input type=\"hidden\" name=\"_wpcf7_unit_tag\" value=\"wpcf7-f1640-o1\" \/><input type=\"hidden\" name=\"_wpcf7_container_post\" value=\"0\" \/><input type=\"hidden\" name=\"_wpcf7_posted_data_hash\" value=\"\" \/>\n<\/fieldset>\n<div class=\"row\">\n\t<div class=\"form-group col-md-6\">\n<span class=\"wpcf7-form-control-wrap\" data-name=\"text-754\"><input size=\"40\" maxlength=\"400\" class=\"wpcf7-form-control wpcf7-text wpcf7-validates-as-required form-control\" aria-required=\"true\" aria-invalid=\"false\" placeholder=\"Your Name\" value=\"\" type=\"text\" name=\"text-754\" \/><\/span>\n\t<\/div>\n\t<div class=\"form-group col-md-6\">\n<span class=\"wpcf7-form-control-wrap\" data-name=\"email-919\"><input size=\"40\" maxlength=\"400\" class=\"wpcf7-form-control wpcf7-email wpcf7-validates-as-required wpcf7-text wpcf7-validates-as-email form-control\" aria-required=\"true\" aria-invalid=\"false\" placeholder=\"Email Address\" value=\"\" type=\"email\" name=\"email-919\" \/><\/span>\n\t<\/div>\n\t<div class=\"form-group col-12\">\n<span class=\"wpcf7-form-control-wrap\" data-name=\"textarea-836\"><textarea cols=\"40\" rows=\"10\" maxlength=\"2000\" class=\"wpcf7-form-control wpcf7-textarea wpcf7-validates-as-required form-control\" id=\"message\" aria-required=\"true\" aria-invalid=\"false\" placeholder=\"Your Message\" name=\"textarea-836\"><\/textarea><\/span>\n\t<\/div>\n\t<div class=\"form-btn col-12\">\n\t\t<button class=\"th-btn btn-fw wpcf7\">Submit Now<\/button>\n\t<\/div>\n<\/div>\n<p class=\"form-messages mb-0 mt-3\"><\/p><div class=\"wpcf7-response-output\" aria-hidden=\"true\"><\/div>\n<input type=\"hidden\" name=\"trp-form-language\" value=\"en\"\/><\/form>\n<\/div>\n<\/div>\t\t\t\t<\/div>\n\t\t\t\t<\/div>\n\t\t\t\t\t<\/div>\n\t\t\t\t<\/div>\n\t\t\t\t<\/div>","protected":false},"excerpt":{"rendered":"<p>Njoftimet Pop Up Mobile \/ Tablet \/ Desktop Sherbimet Krijim Website Marketing Online Shtim Followers Website Host Njoftime Push Up Google &#8211; Fb &#8211; Insta ADS Perse te bashk\u00ebpunoni me ne? \u00c7mime Konkuruese Cilesi Korrektesi Inovacion Sherbim Profesional \u00c7far\u00eb \u00ebsht\u00eb nj\u00eb njoftim Push Up? Njoftimet Pop Up jan\u00eb nj\u00eb kanal komunikimi i integruar n\u00eb \u00e7do&#8230;<\/p>","protected":false},"author":1,"featured_media":2761,"parent":0,"menu_order":0,"comment_status":"closed","ping_status":"closed","template":"","meta":{"footnotes":""},"class_list":["post-2760","page","type-page","status-publish","has-post-thumbnail","hentry"],"yoast_head":"<!-- This site is optimized with the Yoast SEO plugin v27.3 - https:\/\/yoast.com\/product\/yoast-seo-wordpress\/ -->\n<title>Njoftime Push Up - Faqe Website - Ndertim Website<\/title>\n<meta name=\"robots\" content=\"index, follow, max-snippet:-1, max-image-preview:large, max-video-preview:-1\" \/>\n<link rel=\"canonical\" href=\"https:\/\/web-designer.al\/en\/njoftime-push-up\/\" \/>\n<meta property=\"og:locale\" content=\"en_US\" \/>\n<meta property=\"og:type\" content=\"article\" \/>\n<meta property=\"og:title\" content=\"Njoftime Push Up - Faqe Website - Ndertim Website\" \/>\n<meta property=\"og:description\" content=\"Njoftimet Pop Up Mobile \/ Tablet \/ Desktop Sherbimet Krijim Website Marketing Online Shtim Followers Website Host Njoftime Push Up Google &#8211; Fb &#8211; Insta ADS Perse te bashk\u00ebpunoni me ne? \u00c7mime Konkuruese Cilesi Korrektesi Inovacion Sherbim Profesional \u00c7far\u00eb \u00ebsht\u00eb nj\u00eb njoftim Push Up? Njoftimet Pop Up jan\u00eb nj\u00eb kanal komunikimi i integruar n\u00eb \u00e7do...\" \/>\n<meta property=\"og:url\" content=\"https:\/\/web-designer.al\/en\/njoftime-push-up\/\" \/>\n<meta property=\"og:site_name\" content=\"Faqe Website - Ndertim Website\" \/>\n<meta property=\"article:publisher\" content=\"https:\/\/www.facebook.com\/profile.php?id=61556698542677&amp;mibextid=uzlsIk\" \/>\n<meta property=\"article:modified_time\" content=\"2024-11-06T21:05:44+00:00\" \/>\n<meta property=\"og:image\" content=\"http:\/\/web-designer.al\/wp-content\/uploads\/2024\/03\/Njoftime-Push-Up.jpg\" \/>\n\t<meta property=\"og:image:width\" content=\"740\" \/>\n\t<meta property=\"og:image:height\" content=\"444\" \/>\n\t<meta property=\"og:image:type\" content=\"image\/jpeg\" \/>\n<meta name=\"twitter:card\" content=\"summary_large_image\" \/>\n<meta name=\"twitter:label1\" content=\"Est. reading time\" \/>\n\t<meta name=\"twitter:data1\" content=\"2 minutes\" \/>\n<script type=\"application\/ld+json\" class=\"yoast-schema-graph\">{\"@context\":\"https:\\\/\\\/schema.org\",\"@graph\":[{\"@type\":\"WebPage\",\"@id\":\"https:\\\/\\\/web-designer.al\\\/njoftime-push-up\\\/\",\"url\":\"https:\\\/\\\/web-designer.al\\\/njoftime-push-up\\\/\",\"name\":\"Njoftime Push Up - Faqe Website - Ndertim Website\",\"isPartOf\":{\"@id\":\"http:\\\/\\\/web-designer.al\\\/#website\"},\"primaryImageOfPage\":{\"@id\":\"https:\\\/\\\/web-designer.al\\\/njoftime-push-up\\\/#primaryimage\"},\"image\":{\"@id\":\"https:\\\/\\\/web-designer.al\\\/njoftime-push-up\\\/#primaryimage\"},\"thumbnailUrl\":\"https:\\\/\\\/web-designer.al\\\/wp-content\\\/uploads\\\/2024\\\/03\\\/Njoftime-Push-Up.jpg\",\"datePublished\":\"2024-03-03T11:19:56+00:00\",\"dateModified\":\"2024-11-06T21:05:44+00:00\",\"breadcrumb\":{\"@id\":\"https:\\\/\\\/web-designer.al\\\/njoftime-push-up\\\/#breadcrumb\"},\"inLanguage\":\"en-US\",\"potentialAction\":[{\"@type\":\"ReadAction\",\"target\":[\"https:\\\/\\\/web-designer.al\\\/njoftime-push-up\\\/\"]}]},{\"@type\":\"ImageObject\",\"inLanguage\":\"en-US\",\"@id\":\"https:\\\/\\\/web-designer.al\\\/njoftime-push-up\\\/#primaryimage\",\"url\":\"https:\\\/\\\/web-designer.al\\\/wp-content\\\/uploads\\\/2024\\\/03\\\/Njoftime-Push-Up.jpg\",\"contentUrl\":\"https:\\\/\\\/web-designer.al\\\/wp-content\\\/uploads\\\/2024\\\/03\\\/Njoftime-Push-Up.jpg\",\"width\":740,\"height\":444},{\"@type\":\"BreadcrumbList\",\"@id\":\"https:\\\/\\\/web-designer.al\\\/njoftime-push-up\\\/#breadcrumb\",\"itemListElement\":[{\"@type\":\"ListItem\",\"position\":1,\"name\":\"Home\",\"item\":\"https:\\\/\\\/web-designer.al\\\/\"},{\"@type\":\"ListItem\",\"position\":2,\"name\":\"Njoftime Push Up\"}]},{\"@type\":\"WebSite\",\"@id\":\"http:\\\/\\\/web-designer.al\\\/#website\",\"url\":\"http:\\\/\\\/web-designer.al\\\/\",\"name\":\"Faqe Website - Ndertim Website\",\"description\":\"Faqe Website - Ndertim Website ne Shqiperi\",\"publisher\":{\"@id\":\"http:\\\/\\\/web-designer.al\\\/#organization\"},\"potentialAction\":[{\"@type\":\"SearchAction\",\"target\":{\"@type\":\"EntryPoint\",\"urlTemplate\":\"http:\\\/\\\/web-designer.al\\\/?s={search_term_string}\"},\"query-input\":{\"@type\":\"PropertyValueSpecification\",\"valueRequired\":true,\"valueName\":\"search_term_string\"}}],\"inLanguage\":\"en-US\"},{\"@type\":\"Organization\",\"@id\":\"http:\\\/\\\/web-designer.al\\\/#organization\",\"name\":\"Faqe Website - Ndertim Website\",\"url\":\"http:\\\/\\\/web-designer.al\\\/\",\"logo\":{\"@type\":\"ImageObject\",\"inLanguage\":\"en-US\",\"@id\":\"http:\\\/\\\/web-designer.al\\\/#\\\/schema\\\/logo\\\/image\\\/\",\"url\":\"https:\\\/\\\/web-designer.al\\\/wp-content\\\/uploads\\\/2023\\\/12\\\/WhatsApp_Image_2024-07-13_at_20.35.56-removebg-preview-1.png\",\"contentUrl\":\"https:\\\/\\\/web-designer.al\\\/wp-content\\\/uploads\\\/2023\\\/12\\\/WhatsApp_Image_2024-07-13_at_20.35.56-removebg-preview-1.png\",\"width\":150,\"height\":80,\"caption\":\"Faqe Website - Ndertim Website\"},\"image\":{\"@id\":\"http:\\\/\\\/web-designer.al\\\/#\\\/schema\\\/logo\\\/image\\\/\"},\"sameAs\":[\"https:\\\/\\\/www.facebook.com\\\/profile.php?id=61556698542677&mibextid=uzlsIk\"]}]}<\/script>\n<!-- \/ Yoast SEO plugin. -->","yoast_head_json":{"title":"Njoftime Push Up - Faqe Website - Ndertim Website","robots":{"index":"index","follow":"follow","max-snippet":"max-snippet:-1","max-image-preview":"max-image-preview:large","max-video-preview":"max-video-preview:-1"},"canonical":"https:\/\/web-designer.al\/en\/njoftime-push-up\/","og_locale":"en_US","og_type":"article","og_title":"Njoftime Push Up - Faqe Website - Ndertim Website","og_description":"Njoftimet Pop Up Mobile \/ Tablet \/ Desktop Sherbimet Krijim Website Marketing Online Shtim Followers Website Host Njoftime Push Up Google &#8211; Fb &#8211; Insta ADS Perse te bashk\u00ebpunoni me ne? \u00c7mime Konkuruese Cilesi Korrektesi Inovacion Sherbim Profesional \u00c7far\u00eb \u00ebsht\u00eb nj\u00eb njoftim Push Up? Njoftimet Pop Up jan\u00eb nj\u00eb kanal komunikimi i integruar n\u00eb \u00e7do...","og_url":"https:\/\/web-designer.al\/en\/njoftime-push-up\/","og_site_name":"Faqe Website - Ndertim Website","article_publisher":"https:\/\/www.facebook.com\/profile.php?id=61556698542677&mibextid=uzlsIk","article_modified_time":"2024-11-06T21:05:44+00:00","og_image":[{"width":740,"height":444,"url":"http:\/\/web-designer.al\/wp-content\/uploads\/2024\/03\/Njoftime-Push-Up.jpg","type":"image\/jpeg"}],"twitter_card":"summary_large_image","twitter_misc":{"Est. reading time":"2 minutes"},"schema":{"@context":"https:\/\/schema.org","@graph":[{"@type":"WebPage","@id":"https:\/\/web-designer.al\/njoftime-push-up\/","url":"https:\/\/web-designer.al\/njoftime-push-up\/","name":"Njoftime Push Up - Faqe Website - Ndertim Website","isPartOf":{"@id":"http:\/\/web-designer.al\/#website"},"primaryImageOfPage":{"@id":"https:\/\/web-designer.al\/njoftime-push-up\/#primaryimage"},"image":{"@id":"https:\/\/web-designer.al\/njoftime-push-up\/#primaryimage"},"thumbnailUrl":"https:\/\/web-designer.al\/wp-content\/uploads\/2024\/03\/Njoftime-Push-Up.jpg","datePublished":"2024-03-03T11:19:56+00:00","dateModified":"2024-11-06T21:05:44+00:00","breadcrumb":{"@id":"https:\/\/web-designer.al\/njoftime-push-up\/#breadcrumb"},"inLanguage":"en-US","potentialAction":[{"@type":"ReadAction","target":["https:\/\/web-designer.al\/njoftime-push-up\/"]}]},{"@type":"ImageObject","inLanguage":"en-US","@id":"https:\/\/web-designer.al\/njoftime-push-up\/#primaryimage","url":"https:\/\/web-designer.al\/wp-content\/uploads\/2024\/03\/Njoftime-Push-Up.jpg","contentUrl":"https:\/\/web-designer.al\/wp-content\/uploads\/2024\/03\/Njoftime-Push-Up.jpg","width":740,"height":444},{"@type":"BreadcrumbList","@id":"https:\/\/web-designer.al\/njoftime-push-up\/#breadcrumb","itemListElement":[{"@type":"ListItem","position":1,"name":"Home","item":"https:\/\/web-designer.al\/"},{"@type":"ListItem","position":2,"name":"Njoftime Push Up"}]},{"@type":"WebSite","@id":"http:\/\/web-designer.al\/#website","url":"http:\/\/web-designer.al\/","name":"Faqe Website - Ndertim Website","description":"Faqe Website - Ndertim Website ne Shqiperi","publisher":{"@id":"http:\/\/web-designer.al\/#organization"},"potentialAction":[{"@type":"SearchAction","target":{"@type":"EntryPoint","urlTemplate":"http:\/\/web-designer.al\/?s={search_term_string}"},"query-input":{"@type":"PropertyValueSpecification","valueRequired":true,"valueName":"search_term_string"}}],"inLanguage":"en-US"},{"@type":"Organization","@id":"http:\/\/web-designer.al\/#organization","name":"Faqe Website - Ndertim Website","url":"http:\/\/web-designer.al\/","logo":{"@type":"ImageObject","inLanguage":"en-US","@id":"http:\/\/web-designer.al\/#\/schema\/logo\/image\/","url":"https:\/\/web-designer.al\/wp-content\/uploads\/2023\/12\/WhatsApp_Image_2024-07-13_at_20.35.56-removebg-preview-1.png","contentUrl":"https:\/\/web-designer.al\/wp-content\/uploads\/2023\/12\/WhatsApp_Image_2024-07-13_at_20.35.56-removebg-preview-1.png","width":150,"height":80,"caption":"Faqe Website - Ndertim Website"},"image":{"@id":"http:\/\/web-designer.al\/#\/schema\/logo\/image\/"},"sameAs":["https:\/\/www.facebook.com\/profile.php?id=61556698542677&mibextid=uzlsIk"]}]}},"_links":{"self":[{"href":"https:\/\/web-designer.al\/en\/wp-json\/wp\/v2\/pages\/2760","targetHints":{"allow":["GET"]}}],"collection":[{"href":"https:\/\/web-designer.al\/en\/wp-json\/wp\/v2\/pages"}],"about":[{"href":"https:\/\/web-designer.al\/en\/wp-json\/wp\/v2\/types\/page"}],"author":[{"embeddable":true,"href":"https:\/\/web-designer.al\/en\/wp-json\/wp\/v2\/users\/1"}],"replies":[{"embeddable":true,"href":"https:\/\/web-designer.al\/en\/wp-json\/wp\/v2\/comments?post=2760"}],"version-history":[{"count":34,"href":"https:\/\/web-designer.al\/en\/wp-json\/wp\/v2\/pages\/2760\/revisions"}],"predecessor-version":[{"id":3630,"href":"https:\/\/web-designer.al\/en\/wp-json\/wp\/v2\/pages\/2760\/revisions\/3630"}],"wp:featuredmedia":[{"embeddable":true,"href":"https:\/\/web-designer.al\/en\/wp-json\/wp\/v2\/media\/2761"}],"wp:attachment":[{"href":"https:\/\/web-designer.al\/en\/wp-json\/wp\/v2\/media?parent=2760"}],"curies":[{"name":"wp","href":"https:\/\/api.w.org\/{rel}","templated":true}]}}