
{"id":36,"date":"2023-12-07T04:37:09","date_gmt":"2023-12-07T04:37:09","guid":{"rendered":"https:\/\/wordpress.themeholy.com\/mediax\/?page_id=36"},"modified":"2024-11-06T20:56:57","modified_gmt":"2024-11-06T20:56:57","slug":"faqe-interneti-ne-shqiperi","status":"publish","type":"page","link":"https:\/\/web-designer.al\/en\/faqe-interneti-ne-shqiperi\/","title":{"rendered":"Website Building"},"content":{"rendered":"<div data-elementor-type=\"wp-page\" data-elementor-id=\"36\" class=\"elementor elementor-36\" data-elementor-post-type=\"page\">\n\t\t\t\t<div class=\"elementor-element elementor-element-cf8d2c2 e-flex e-con-boxed e-con e-parent\" data-id=\"cf8d2c2\" data-element_type=\"container\" data-e-type=\"container\">\n\t\t\t\t\t<div class=\"e-con-inner\">\n\t\t\t\t<div class=\"elementor-element elementor-element-2ed19cc elementor-widget__width-initial elementor-widget-tablet__width-inherit elementor-widget elementor-widget-mediaxsectiontitle\" data-id=\"2ed19cc\" data-element_type=\"widget\" data-e-type=\"widget\" data-widget_type=\"mediaxsectiontitle.default\">\n\t\t\t\t<div class=\"elementor-widget-container\">\n\t\t\t\t\t\t\t<div class=\"title-area text-center\">\r\n\t\t\t<h2 class=\"sec-title\">Website Building<\/h2>\t\t<\/div>\r\n\r\n\t\t\t\t\t<\/div>\n\t\t\t\t<\/div>\n\t\t\t\t<div class=\"elementor-element elementor-element-13d7801 elementor-widget__width-initial elementor-widget-tablet__width-inherit elementor-widget elementor-widget-mediaxsectiontitle\" data-id=\"13d7801\" data-element_type=\"widget\" data-e-type=\"widget\" data-widget_type=\"mediaxsectiontitle.default\">\n\t\t\t\t<div class=\"elementor-widget-container\">\n\t\t\t\t\t\t\t<div class=\"title-area text-center\">\r\n\t\t\t<h2 class=\"sec-title\">Static \/ Dynamic \/ WooCommerce<\/h2>\t\t<\/div>\r\n\r\n\t\t\t\t\t<\/div>\n\t\t\t\t<\/div>\n\t\t\t\t\t<\/div>\n\t\t\t\t<\/div>\n\t\t<div class=\"elementor-element elementor-element-38465f3 e-flex e-con-boxed e-con e-parent\" data-id=\"38465f3\" data-element_type=\"container\" data-e-type=\"container\">\n\t\t\t\t\t<div class=\"e-con-inner\">\n\t\t<div class=\"elementor-element elementor-element-e0290df e-con-full sidebar-area e-flex e-con e-child\" data-id=\"e0290df\" data-element_type=\"container\" data-e-type=\"container\">\n\t\t<div class=\"elementor-element elementor-element-5e987f5 e-con-full e-flex e-con e-child\" data-id=\"5e987f5\" data-element_type=\"container\" data-e-type=\"container\">\n\t\t\t\t<div class=\"elementor-element elementor-element-94d2707 elementor-widget elementor-widget-mediaxservicelist\" data-id=\"94d2707\" data-element_type=\"widget\" data-e-type=\"widget\" data-widget_type=\"mediaxservicelist.default\">\n\t\t\t\t<div class=\"elementor-widget-container\">\n\t\t\t\t\t<div class=\"widget widget_categories\"><h3 class=\"widget_title\">Our Service<\/h3><ul><li><a href=\"http:\/\/web-designer.al\/en\/krijim-website\/\">Website Build<\/a><\/li><li><a href=\"http:\/\/web-designer.al\/en\/reklamim-biznesi\/\">Online Marketing<\/a><\/li><li><a href=\"http:\/\/web-designer.al\/en\/shtim-followers\/\">Add Followers<\/a><\/li><li><a href=\"http:\/\/web-designer.al\/en\/website-host\/\">Website Host<\/a><\/li><li><a href=\"http:\/\/web-designer.al\/en\/njoftime-push-up\/\">Push Up Notifications<\/a><\/li><li><a href=\"http:\/\/web-designer.al\/en\/google-fb-insta-ads\/\">Google -Fb \u2013 Insta ADS<\/a><\/li><\/ul><\/div>\t\t\t\t<\/div>\n\t\t\t\t<\/div>\n\t\t\t\t<\/div>\n\t\t<div class=\"elementor-element elementor-element-b1b006e e-con-full e-flex e-con e-child\" data-id=\"b1b006e\" data-element_type=\"container\" data-e-type=\"container\">\n\t\t\t\t<div class=\"elementor-element elementor-element-7f8eb35 elementor-widget elementor-widget-heading\" data-id=\"7f8eb35\" data-element_type=\"widget\" data-e-type=\"widget\" data-widget_type=\"heading.default\">\n\t\t\t\t<div class=\"elementor-widget-container\">\n\t\t\t\t\t<h3 class=\"elementor-heading-title elementor-size-default\">Why should you choose  Us?<\/h3>\t\t\t\t<\/div>\n\t\t\t\t<\/div>\n\t\t\t\t<div class=\"elementor-element elementor-element-5306cde elementor-widget elementor-widget-text-editor\" data-id=\"5306cde\" data-element_type=\"widget\" data-e-type=\"widget\" data-widget_type=\"text-editor.default\">\n\t\t\t\t<div class=\"elementor-widget-container\">\n\t\t\t\t\t\t\t\t\t<div class=\"checklist body-color\"><ul><li><h4><i class=\"fas fa-check-circle\"><\/i>Best Prices<\/h4><\/li><li><h4><i class=\"fas fa-check-circle\"><\/i>Excellence<\/h4><\/li><li><h4><i class=\"fas fa-check-circle\"><\/i>Correctly<\/h4><\/li><li><h4><i class=\"fas fa-check-circle\"><\/i> Innovation<\/h4><\/li><li><h4><i class=\"fas fa-check-circle\"><\/i>Professional Service<\/h4><\/li><\/ul><\/div>\t\t\t\t\t\t\t\t<\/div>\n\t\t\t\t<\/div>\n\t\t\t\t<\/div>\n\t\t\t\t<\/div>\n\t\t<div class=\"elementor-element elementor-element-e84d2c6 e-con-full e-flex e-con e-child\" data-id=\"e84d2c6\" data-element_type=\"container\" data-e-type=\"container\">\n\t\t\t\t<div class=\"elementor-element elementor-element-2b41235 elementor-widget elementor-widget-image\" data-id=\"2b41235\" data-element_type=\"widget\" data-e-type=\"widget\" data-widget_type=\"image.default\">\n\t\t\t\t<div class=\"elementor-widget-container\">\n\t\t\t\t\t\t\t\t\t\t\t\t\t\t\t<img fetchpriority=\"high\" decoding=\"async\" width=\"1920\" height=\"1080\" src=\"https:\/\/web-designer.al\/wp-content\/uploads\/2024\/02\/web-design.jpg\" class=\"attachment-full size-full wp-image-2471\" alt=\"\" srcset=\"https:\/\/web-designer.al\/wp-content\/uploads\/2024\/02\/web-design.jpg 1920w, https:\/\/web-designer.al\/wp-content\/uploads\/2024\/02\/web-design-300x169.jpg 300w, https:\/\/web-designer.al\/wp-content\/uploads\/2024\/02\/web-design-1024x576.jpg 1024w, https:\/\/web-designer.al\/wp-content\/uploads\/2024\/02\/web-design-768x432.jpg 768w, https:\/\/web-designer.al\/wp-content\/uploads\/2024\/02\/web-design-1536x864.jpg 1536w, https:\/\/web-designer.al\/wp-content\/uploads\/2024\/02\/web-design-600x338.jpg 600w\" sizes=\"(max-width: 1920px) 100vw, 1920px\" \/>\t\t\t\t\t\t\t\t\t\t\t\t\t\t\t<\/div>\n\t\t\t\t<\/div>\n\t\t\t\t<div class=\"elementor-element elementor-element-a2c80b1 elementor-widget elementor-widget-heading\" data-id=\"a2c80b1\" data-element_type=\"widget\" data-e-type=\"widget\" data-widget_type=\"heading.default\">\n\t\t\t\t<div class=\"elementor-widget-container\">\n\t\t\t\t\t<h2 class=\"elementor-heading-title elementor-size-default\">Creation and design of the website<\/h2>\t\t\t\t<\/div>\n\t\t\t\t<\/div>\n\t\t\t\t<div class=\"elementor-element elementor-element-04381a4 elementor-widget__width-initial elementor-widget elementor-widget-text-editor\" data-id=\"04381a4\" data-element_type=\"widget\" data-e-type=\"widget\" data-widget_type=\"text-editor.default\">\n\t\t\t\t<div class=\"elementor-widget-container\">\n\t\t\t\t\t\t\t\t\t<p>We offer everything we need for one. <b>Professional website<\/b>Modern and convenient for your business!<br>It doesn't matter if your business is small or big. We offer all solutions for advertising and positioning your online business in the best way. Thanks to our experience since 2017 in building websites and Marketing Online we have already established a wide network of collaboration.<\/p>\t\t\t\t\t\t\t\t<\/div>\n\t\t\t\t<\/div>\n\t\t\t\t<div class=\"elementor-element elementor-element-5a313c0 elementor-widget elementor-widget-text-editor\" data-id=\"5a313c0\" data-element_type=\"widget\" data-e-type=\"widget\" data-widget_type=\"text-editor.default\">\n\t\t\t\t<div class=\"elementor-widget-container\">\n\t\t\t\t\t\t\t\t\t<p class=\"elementor-heading-title elementor-size-default\">If you think the moment has come to give your business the right seriousness in terms of quality and professionalism, we think you are in the right place and we look forward to discussing with you the project and the future of your business.<\/p>\t\t\t\t\t\t\t\t<\/div>\n\t\t\t\t<\/div>\n\t\t\t\t<div class=\"elementor-element elementor-element-94c77f9 elementor-widget elementor-widget-text-editor\" data-id=\"94c77f9\" data-element_type=\"widget\" data-e-type=\"widget\" data-widget_type=\"text-editor.default\">\n\t\t\t\t<div class=\"elementor-widget-container\">\n\t\t\t\t\t\t\t\t\t<p>We are focused on offering you professional website development from its structure, speed optimization, security, online payments, different bookings depending on the business category and the requirements it has, schedule or appointment bookings, different orders, integration POS system, email notifications, Whatsapp notifications etc.<\/p>\t\t\t\t\t\t\t\t<\/div>\n\t\t\t\t<\/div>\n\t\t\t\t<\/div>\n\t\t\t\t\t<\/div>\n\t\t\t\t<\/div>\n\t\t<div class=\"elementor-element elementor-element-6a17df9 e-flex e-con-boxed e-con e-parent\" data-id=\"6a17df9\" data-element_type=\"container\" data-e-type=\"container\">\n\t\t\t\t\t<div class=\"e-con-inner\">\n\t\t\t\t<div class=\"elementor-element elementor-element-b1e7163 elementor-widget elementor-widget-mediaxsectiontitle\" data-id=\"b1e7163\" data-element_type=\"widget\" data-e-type=\"widget\" data-widget_type=\"mediaxsectiontitle.default\">\n\t\t\t\t<div class=\"elementor-widget-container\">\n\t\t\t\t\t\t\t<div class=\"title-area text-center\">\r\n\t\t\t<span class=\"sub-title\"><img decoding=\"async\" src=\"https:\/\/web-designer.al\/wp-content\/plugins\/mediax-core\/assets\/img\/title_icon.svg\" alt=\"Shape\">Website Design<\/span><h2 class=\"sec-title\">Some of our projects<\/h2>\t\t<\/div>\r\n\r\n\t\t\t\t\t<\/div>\n\t\t\t\t<\/div>\n\t\t\t\t<div class=\"elementor-element elementor-element-7a68ae9 elementor-widget elementor-widget-mediaxteam\" data-id=\"7a68ae9\" data-element_type=\"widget\" data-e-type=\"widget\" data-widget_type=\"mediaxteam.default\">\n\t\t\t\t<div class=\"elementor-widget-container\">\n\t\t\t\t\t<div class=\"swiper th-slider has-shadow\" id=\"teamSlider1\" data-slider-options='{\"breakpoints\":{\"0\":{\"slidesPerView\":1},\"576\":{\"slidesPerView\":\"2\"},\"768\":{\"slidesPerView\":\"2\"},\"992\":{\"slidesPerView\":\"3\"},\"1200\":{\"slidesPerView\":\"4\"}}}'><div class=\"swiper-wrapper\"><div class=\"swiper-slide\"><div class=\"th-team team-card\"><div class=\"box-img\"><img decoding=\"async\" src=\"http:\/\/web-designer.al\/wp-content\/uploads\/2024\/02\/INALBANIA.AL-Agjensi-Reklamimi-Biznesesh-Online-min.png\" alt=\"INALBANIA.AL Agjensi Reklamimi Biznesesh Online min\"  \/><div class=\"th-social\"><a  href=\"https:\/\/facebook.com\/inalbaniaa\"><i class=\"fab fa-facebook-f\"><\/i><\/a><a  href=\"https:\/\/instagram.com\/inalbania.al\"><i class=\"fab fa-instagram\"><\/i><\/a><\/div><\/div><h3 class=\"box-title\"><a href=\"https:\/\/inalbania.al\">inalbania.al<\/a><\/h3><span class=\"team-desig\">Advertising Agency<\/span><\/div><\/div><div class=\"swiper-slide\"><div class=\"th-team team-card\"><div class=\"box-img\"><img decoding=\"async\" src=\"http:\/\/web-designer.al\/wp-content\/uploads\/2024\/02\/A15-TROCKENBAU.DE-TROCKENBAU-FIRMA.png\" alt=\"A15 TROCKENBAU.DE TROCKENBAU FIRMA\"  \/><div class=\"th-social\"><a  href=\"https:\/\/instagram.com\/trockenbau_firma\"><i class=\"fab fa-instagram\"><\/i><\/a><\/div><\/div><h3 class=\"box-title\"><a href=\"\">a15-trockenbau.de<\/a><\/h3><span class=\"team-desig\">Construction Company<\/span><\/div><\/div><div class=\"swiper-slide\"><div class=\"th-team team-card\"><div class=\"box-img\"><img decoding=\"async\" src=\"http:\/\/web-designer.al\/wp-content\/uploads\/2024\/02\/KARROTRECFIER.AL-Sherbim-Karrotreci-1.png\" alt=\"KARROTRECFIER.AL Sherbim Karrotreci 1\"  \/><div class=\"th-social\"><\/div><\/div><h3 class=\"box-title\"><a href=\"https:\/\/karrotrecfier.al\">karrotrecfier.al<\/a><\/h3><span class=\"team-desig\">Towing Service<\/span><\/div><\/div><div class=\"swiper-slide\"><div class=\"th-team team-card\"><div class=\"box-img\"><img decoding=\"async\" src=\"http:\/\/web-designer.al\/wp-content\/uploads\/2024\/02\/DENTISTS.AL-Turismo-Dentale-Albania-min.png\" alt=\"DENTISTS.AL Turismo Dentale Albania min\"  \/><div class=\"th-social\"><a  href=\"https:\/\/twitter.com\/\"><i class=\"fab fa-twitter\"><\/i><\/a><a  href=\"https:\/\/linkedin.com\/\"><i class=\"fab fa-linkedin-in\"><\/i><\/a><\/div><\/div><h3 class=\"box-title\"><a href=\"https:\/\/dentists.al\">dentists.al<\/a><\/h3><span class=\"team-desig\">Dental Tourism<\/span><\/div><\/div><\/div><\/div>\t\t\t\t<\/div>\n\t\t\t\t<\/div>\n\t\t\t\t\t<\/div>\n\t\t\t\t<\/div>\n\t\t\t\t<\/div>","protected":false},"excerpt":{"rendered":"<p>Faqe Interneti Statik \/ Dinamik \/ WooCommerce Sherbimet Krijim Website Marketing Online Shtim Followers Website Host Njoftime Push Up Google &#8211; Fb &#8211; Insta ADS Perse te bashk\u00ebpunoni me ne? \u00c7mime Konkuruese Cilesi Korrektesi Inovacion Sherbim Profesional Krijimi dhe dizenjimi i website Ne ofrojm\u00eb gjithcka q\u00eb duhet p\u00ebr nje websajt profesional, marketing modern dhe t\u00eb&#8230;<\/p>","protected":false},"author":1,"featured_media":2491,"parent":0,"menu_order":0,"comment_status":"closed","ping_status":"closed","template":"template-builder.php","meta":{"footnotes":""},"class_list":["post-36","page","type-page","status-publish","has-post-thumbnail","hentry"],"yoast_head":"<!-- This site is optimized with the Yoast SEO plugin v27.4 - https:\/\/yoast.com\/product\/yoast-seo-wordpress\/ -->\n<title>Faqe Interneti ne Shqiperi - Faqe Website - Ndertim Website<\/title>\n<meta name=\"description\" content=\"Faqe interneti ne shqiperi. Ne Ofrojm\u00eb Gjithcka Q\u00eb Duhet P\u00ebr Nje Websajt Profesional, Marketing Modern DheT\u00eb P\u00ebrshtatsh\u00ebm P\u00ebr Biznesin Tuaj!\" \/>\n<meta name=\"robots\" content=\"index, follow, max-snippet:-1, max-image-preview:large, max-video-preview:-1\" \/>\n<link rel=\"canonical\" href=\"https:\/\/web-designer.al\/en\/faqe-interneti-ne-shqiperi\/\" \/>\n<meta property=\"og:locale\" content=\"en_US\" \/>\n<meta property=\"og:type\" content=\"article\" \/>\n<meta property=\"og:title\" content=\"Faqe Interneti ne Shqiperi - Faqe Website - Ndertim Website\" \/>\n<meta property=\"og:description\" content=\"Faqe interneti ne shqiperi. Ne Ofrojm\u00eb Gjithcka Q\u00eb Duhet P\u00ebr Nje Websajt Profesional, Marketing Modern DheT\u00eb P\u00ebrshtatsh\u00ebm P\u00ebr Biznesin Tuaj!\" \/>\n<meta property=\"og:url\" content=\"https:\/\/web-designer.al\/en\/faqe-interneti-ne-shqiperi\/\" \/>\n<meta property=\"og:site_name\" content=\"Faqe Website - Ndertim Website\" \/>\n<meta property=\"article:publisher\" content=\"https:\/\/www.facebook.com\/profile.php?id=61556698542677&amp;mibextid=uzlsIk\" \/>\n<meta property=\"article:modified_time\" content=\"2024-11-06T20:56:57+00:00\" \/>\n<meta property=\"og:image\" content=\"http:\/\/web-designer.al\/wp-content\/uploads\/2024\/02\/krijim-website.png\" \/>\n\t<meta property=\"og:image:width\" content=\"300\" \/>\n\t<meta property=\"og:image:height\" content=\"256\" \/>\n\t<meta property=\"og:image:type\" content=\"image\/png\" \/>\n<meta name=\"twitter:card\" content=\"summary_large_image\" \/>\n<meta name=\"twitter:label1\" content=\"Est. reading time\" \/>\n\t<meta name=\"twitter:data1\" content=\"3 minutes\" \/>\n<script type=\"application\/ld+json\" class=\"yoast-schema-graph\">{\"@context\":\"https:\\\/\\\/schema.org\",\"@graph\":[{\"@type\":\"WebPage\",\"@id\":\"https:\\\/\\\/web-designer.al\\\/faqe-interneti-ne-shqiperi\\\/\",\"url\":\"https:\\\/\\\/web-designer.al\\\/faqe-interneti-ne-shqiperi\\\/\",\"name\":\"Faqe Interneti ne Shqiperi - Faqe Website - Ndertim Website\",\"isPartOf\":{\"@id\":\"http:\\\/\\\/web-designer.al\\\/#website\"},\"primaryImageOfPage\":{\"@id\":\"https:\\\/\\\/web-designer.al\\\/faqe-interneti-ne-shqiperi\\\/#primaryimage\"},\"image\":{\"@id\":\"https:\\\/\\\/web-designer.al\\\/faqe-interneti-ne-shqiperi\\\/#primaryimage\"},\"thumbnailUrl\":\"https:\\\/\\\/web-designer.al\\\/wp-content\\\/uploads\\\/2024\\\/02\\\/krijim-website.png\",\"datePublished\":\"2023-12-07T04:37:09+00:00\",\"dateModified\":\"2024-11-06T20:56:57+00:00\",\"description\":\"Faqe interneti ne shqiperi. Ne Ofrojm\u00eb Gjithcka Q\u00eb Duhet P\u00ebr Nje Websajt Profesional, Marketing Modern DheT\u00eb P\u00ebrshtatsh\u00ebm P\u00ebr Biznesin Tuaj!\",\"breadcrumb\":{\"@id\":\"https:\\\/\\\/web-designer.al\\\/faqe-interneti-ne-shqiperi\\\/#breadcrumb\"},\"inLanguage\":\"en-US\",\"potentialAction\":[{\"@type\":\"ReadAction\",\"target\":[\"https:\\\/\\\/web-designer.al\\\/faqe-interneti-ne-shqiperi\\\/\"]}]},{\"@type\":\"ImageObject\",\"inLanguage\":\"en-US\",\"@id\":\"https:\\\/\\\/web-designer.al\\\/faqe-interneti-ne-shqiperi\\\/#primaryimage\",\"url\":\"https:\\\/\\\/web-designer.al\\\/wp-content\\\/uploads\\\/2024\\\/02\\\/krijim-website.png\",\"contentUrl\":\"https:\\\/\\\/web-designer.al\\\/wp-content\\\/uploads\\\/2024\\\/02\\\/krijim-website.png\",\"width\":300,\"height\":256},{\"@type\":\"BreadcrumbList\",\"@id\":\"https:\\\/\\\/web-designer.al\\\/faqe-interneti-ne-shqiperi\\\/#breadcrumb\",\"itemListElement\":[{\"@type\":\"ListItem\",\"position\":1,\"name\":\"Home\",\"item\":\"https:\\\/\\\/web-designer.al\\\/\"},{\"@type\":\"ListItem\",\"position\":2,\"name\":\"Faqe Interneti\"}]},{\"@type\":\"WebSite\",\"@id\":\"http:\\\/\\\/web-designer.al\\\/#website\",\"url\":\"http:\\\/\\\/web-designer.al\\\/\",\"name\":\"Faqe Website - Ndertim Website\",\"description\":\"Faqe Website - Ndertim Website ne Shqiperi\",\"publisher\":{\"@id\":\"http:\\\/\\\/web-designer.al\\\/#organization\"},\"potentialAction\":[{\"@type\":\"SearchAction\",\"target\":{\"@type\":\"EntryPoint\",\"urlTemplate\":\"http:\\\/\\\/web-designer.al\\\/?s={search_term_string}\"},\"query-input\":{\"@type\":\"PropertyValueSpecification\",\"valueRequired\":true,\"valueName\":\"search_term_string\"}}],\"inLanguage\":\"en-US\"},{\"@type\":\"Organization\",\"@id\":\"http:\\\/\\\/web-designer.al\\\/#organization\",\"name\":\"Faqe Website - Ndertim Website\",\"url\":\"http:\\\/\\\/web-designer.al\\\/\",\"logo\":{\"@type\":\"ImageObject\",\"inLanguage\":\"en-US\",\"@id\":\"http:\\\/\\\/web-designer.al\\\/#\\\/schema\\\/logo\\\/image\\\/\",\"url\":\"https:\\\/\\\/web-designer.al\\\/wp-content\\\/uploads\\\/2023\\\/12\\\/WhatsApp_Image_2024-07-13_at_20.35.56-removebg-preview-1.png\",\"contentUrl\":\"https:\\\/\\\/web-designer.al\\\/wp-content\\\/uploads\\\/2023\\\/12\\\/WhatsApp_Image_2024-07-13_at_20.35.56-removebg-preview-1.png\",\"width\":150,\"height\":80,\"caption\":\"Faqe Website - Ndertim Website\"},\"image\":{\"@id\":\"http:\\\/\\\/web-designer.al\\\/#\\\/schema\\\/logo\\\/image\\\/\"},\"sameAs\":[\"https:\\\/\\\/www.facebook.com\\\/profile.php?id=61556698542677&mibextid=uzlsIk\"]}]}<\/script>\n<!-- \/ Yoast SEO plugin. -->","yoast_head_json":{"title":"Faqe Interneti ne Shqiperi - Faqe Website - Ndertim Website","description":"Faqe interneti ne shqiperi. Ne Ofrojm\u00eb Gjithcka Q\u00eb Duhet P\u00ebr Nje Websajt Profesional, Marketing Modern DheT\u00eb P\u00ebrshtatsh\u00ebm P\u00ebr Biznesin Tuaj!","robots":{"index":"index","follow":"follow","max-snippet":"max-snippet:-1","max-image-preview":"max-image-preview:large","max-video-preview":"max-video-preview:-1"},"canonical":"https:\/\/web-designer.al\/en\/faqe-interneti-ne-shqiperi\/","og_locale":"en_US","og_type":"article","og_title":"Faqe Interneti ne Shqiperi - Faqe Website - Ndertim Website","og_description":"Faqe interneti ne shqiperi. Ne Ofrojm\u00eb Gjithcka Q\u00eb Duhet P\u00ebr Nje Websajt Profesional, Marketing Modern DheT\u00eb P\u00ebrshtatsh\u00ebm P\u00ebr Biznesin Tuaj!","og_url":"https:\/\/web-designer.al\/en\/faqe-interneti-ne-shqiperi\/","og_site_name":"Faqe Website - Ndertim Website","article_publisher":"https:\/\/www.facebook.com\/profile.php?id=61556698542677&mibextid=uzlsIk","article_modified_time":"2024-11-06T20:56:57+00:00","og_image":[{"width":300,"height":256,"url":"http:\/\/web-designer.al\/wp-content\/uploads\/2024\/02\/krijim-website.png","type":"image\/png"}],"twitter_card":"summary_large_image","twitter_misc":{"Est. reading time":"3 minutes"},"schema":{"@context":"https:\/\/schema.org","@graph":[{"@type":"WebPage","@id":"https:\/\/web-designer.al\/faqe-interneti-ne-shqiperi\/","url":"https:\/\/web-designer.al\/faqe-interneti-ne-shqiperi\/","name":"Faqe Interneti ne Shqiperi - Faqe Website - Ndertim Website","isPartOf":{"@id":"http:\/\/web-designer.al\/#website"},"primaryImageOfPage":{"@id":"https:\/\/web-designer.al\/faqe-interneti-ne-shqiperi\/#primaryimage"},"image":{"@id":"https:\/\/web-designer.al\/faqe-interneti-ne-shqiperi\/#primaryimage"},"thumbnailUrl":"https:\/\/web-designer.al\/wp-content\/uploads\/2024\/02\/krijim-website.png","datePublished":"2023-12-07T04:37:09+00:00","dateModified":"2024-11-06T20:56:57+00:00","description":"Faqe interneti ne shqiperi. Ne Ofrojm\u00eb Gjithcka Q\u00eb Duhet P\u00ebr Nje Websajt Profesional, Marketing Modern DheT\u00eb P\u00ebrshtatsh\u00ebm P\u00ebr Biznesin Tuaj!","breadcrumb":{"@id":"https:\/\/web-designer.al\/faqe-interneti-ne-shqiperi\/#breadcrumb"},"inLanguage":"en-US","potentialAction":[{"@type":"ReadAction","target":["https:\/\/web-designer.al\/faqe-interneti-ne-shqiperi\/"]}]},{"@type":"ImageObject","inLanguage":"en-US","@id":"https:\/\/web-designer.al\/faqe-interneti-ne-shqiperi\/#primaryimage","url":"https:\/\/web-designer.al\/wp-content\/uploads\/2024\/02\/krijim-website.png","contentUrl":"https:\/\/web-designer.al\/wp-content\/uploads\/2024\/02\/krijim-website.png","width":300,"height":256},{"@type":"BreadcrumbList","@id":"https:\/\/web-designer.al\/faqe-interneti-ne-shqiperi\/#breadcrumb","itemListElement":[{"@type":"ListItem","position":1,"name":"Home","item":"https:\/\/web-designer.al\/"},{"@type":"ListItem","position":2,"name":"Faqe Interneti"}]},{"@type":"WebSite","@id":"http:\/\/web-designer.al\/#website","url":"http:\/\/web-designer.al\/","name":"Faqe Website - Ndertim Website","description":"Faqe Website - Ndertim Website ne Shqiperi","publisher":{"@id":"http:\/\/web-designer.al\/#organization"},"potentialAction":[{"@type":"SearchAction","target":{"@type":"EntryPoint","urlTemplate":"http:\/\/web-designer.al\/?s={search_term_string}"},"query-input":{"@type":"PropertyValueSpecification","valueRequired":true,"valueName":"search_term_string"}}],"inLanguage":"en-US"},{"@type":"Organization","@id":"http:\/\/web-designer.al\/#organization","name":"Faqe Website - Ndertim Website","url":"http:\/\/web-designer.al\/","logo":{"@type":"ImageObject","inLanguage":"en-US","@id":"http:\/\/web-designer.al\/#\/schema\/logo\/image\/","url":"https:\/\/web-designer.al\/wp-content\/uploads\/2023\/12\/WhatsApp_Image_2024-07-13_at_20.35.56-removebg-preview-1.png","contentUrl":"https:\/\/web-designer.al\/wp-content\/uploads\/2023\/12\/WhatsApp_Image_2024-07-13_at_20.35.56-removebg-preview-1.png","width":150,"height":80,"caption":"Faqe Website - Ndertim Website"},"image":{"@id":"http:\/\/web-designer.al\/#\/schema\/logo\/image\/"},"sameAs":["https:\/\/www.facebook.com\/profile.php?id=61556698542677&mibextid=uzlsIk"]}]}},"_links":{"self":[{"href":"https:\/\/web-designer.al\/en\/wp-json\/wp\/v2\/pages\/36","targetHints":{"allow":["GET"]}}],"collection":[{"href":"https:\/\/web-designer.al\/en\/wp-json\/wp\/v2\/pages"}],"about":[{"href":"https:\/\/web-designer.al\/en\/wp-json\/wp\/v2\/types\/page"}],"author":[{"embeddable":true,"href":"https:\/\/web-designer.al\/en\/wp-json\/wp\/v2\/users\/1"}],"replies":[{"embeddable":true,"href":"https:\/\/web-designer.al\/en\/wp-json\/wp\/v2\/comments?post=36"}],"version-history":[{"count":80,"href":"https:\/\/web-designer.al\/en\/wp-json\/wp\/v2\/pages\/36\/revisions"}],"predecessor-version":[{"id":3618,"href":"https:\/\/web-designer.al\/en\/wp-json\/wp\/v2\/pages\/36\/revisions\/3618"}],"wp:featuredmedia":[{"embeddable":true,"href":"https:\/\/web-designer.al\/en\/wp-json\/wp\/v2\/media\/2491"}],"wp:attachment":[{"href":"https:\/\/web-designer.al\/en\/wp-json\/wp\/v2\/media?parent=36"}],"curies":[{"name":"wp","href":"https:\/\/api.w.org\/{rel}","templated":true}]}}